{"id":1699,"date":"2021-03-14T18:08:42","date_gmt":"2021-03-14T16:08:42","guid":{"rendered":"https:\/\/ahven.preview.ee\/o-nas\/"},"modified":"2021-04-06T18:30:08","modified_gmt":"2021-04-06T15:30:08","slug":"meist","status":"publish","type":"page","link":"https:\/\/ahvenfishing.ee\/et\/meist\/","title":{"rendered":"Meist"},"content":{"rendered":"\t<section class=\"section dark has-parallax\" id=\"section_1385963926\">\n\t\t<div class=\"bg section-bg fill bg-fill  \" data-parallax-container=\".section\" data-parallax-background data-parallax=\"-4\">\n\n\t\t\t\n\t\t\t<div class=\"section-bg-overlay absolute fill\"><\/div>\n\t\t\t\n\n\t\t<\/div>\n\n\t\t<div class=\"section-content relative\">\n\t\t\t\n<div class=\"row align-center\"  id=\"row-230349427\">\n\n\t<div id=\"col-828650577\" class=\"col medium-8 small-12 large-8\"  >\n\t\t<div class=\"col-inner text-center dark\"  >\n\t\t\t\n\t\t\t\n\t<div id=\"text-2280482193\" class=\"text\">\n\t\t\n<h2><span style=\"font-size: 190%;\">AHVEN<\/span><\/h2>\n<h2><span style=\"font-size: 150%;\">Kalastustarvete pood<\/span><\/h2>\n\t\t\n<style>\n#text-2280482193 {\n  font-size: 0.9rem;\n}\n<\/style>\n\t<\/div>\n\t\n\t<div class=\"img has-hover x md-x lg-x y md-y lg-y\" id=\"image_1514138389\">\n\t\t\t\t\t\t\t\t<div class=\"img-inner dark\" >\n\t\t\t<img loading=\"lazy\" decoding=\"async\" width=\"1020\" height=\"1020\" src=\"https:\/\/ahvenfishing.ee\/wp-content\/uploads\/2021\/03\/wave-white.svg\" class=\"attachment-large size-large\" alt=\"\" srcset=\"https:\/\/ahvenfishing.ee\/wp-content\/uploads\/\/2021\/03\/wave-white.svg 150w, https:\/\/ahvenfishing.ee\/wp-content\/uploads\/\/2021\/03\/wave-white.svg 300w, https:\/\/ahvenfishing.ee\/wp-content\/uploads\/\/2021\/03\/wave-white.svg 1024w\" sizes=\"auto, (max-width: 1020px) 100vw, 1020px\" \/>\t\t\t\t\t\t\n\t\t\t\t\t<\/div>\n\t\t\t\t\t\t\t\t\n<style>\n#image_1514138389 {\n  width: 15%;\n}\n@media (min-width:550px) {\n  #image_1514138389 {\n    width: 9%;\n  }\n}\n<\/style>\n\t<\/div>\n\t\n\t<div id=\"text-9534061\" class=\"text\">\n\t\t\n<p><span style=\"font-size: 120%;\">See on suurim valik kvaliteetseid kaupu kalastustarbeid. Meie kauplus t\u00f6\u00f6tab juba 2005 aastast K\u00f5rgekvaliteedilised tooted ja \u00f5iglased hinnad on meie kaupluste assortimendi kujundamise peamised kriteeriumid.<\/span><\/p>\n\t\t\n<style>\n#text-9534061 {\n  font-size: 0.9rem;\n}\n<\/style>\n\t<\/div>\n\t\n\t<div id=\"gap-101578296\" class=\"gap-element clearfix\" style=\"display:block; height:auto;\">\n\t\t\n<style>\n#gap-101578296 {\n  padding-top: 10px;\n}\n<\/style>\n\t<\/div>\n\t\n\t<div id=\"gap-467731950\" class=\"gap-element clearfix\" style=\"display:block; height:auto;\">\n\t\t\n<style>\n#gap-467731950 {\n  padding-top: 10px;\n}\n<\/style>\n\t<\/div>\n\t\n<a href=\"https:\/\/ahvenfishing.ee\/et\/shop\/\" target=\"_self\" class=\"button primary\"  >\n    <span>tootekataloog<\/span>\n  <\/a>\n\n\t\t<\/div>\n\t\t\n<style>\n#col-828650577 > .col-inner {\n  margin: 0px 0px -38px 0px;\n}\n<\/style>\n\t<\/div>\n\n\t\n<\/div>\n\t\t<\/div>\n\n\t\t\n<style>\n#section_1385963926 {\n  padding-top: 47px;\n  padding-bottom: 47px;\n}\n#section_1385963926 .section-bg-overlay {\n  background-color: rgba(0,0,0,.5);\n}\n#section_1385963926 .section-bg.bg-loaded {\n  background-image: url(https:\/\/ahvenfishing.ee\/wp-content\/uploads\/2021\/02\/shutterstock_1819711112_edit-scaled-1.jpg);\n}\n#section_1385963926 .section-bg {\n  background-position: 47% 84%;\n}\n@media (min-width:550px) {\n  #section_1385963926 {\n    padding-top: 160px;\n    padding-bottom: 160px;\n  }\n}\n<\/style>\n\t<\/section>\n\t\n\t<section class=\"section\" id=\"section_1648616766\">\n\t\t<div class=\"bg section-bg fill bg-fill  bg-loaded\" >\n\n\t\t\t\n\t\t\t\n\t\t\t\n\n\t\t<\/div>\n\n\t\t<div class=\"section-content relative\">\n\t\t\t\n\t<div id=\"gap-1121756699\" class=\"gap-element clearfix\" style=\"display:block; height:auto;\">\n\t\t\n<style>\n#gap-1121756699 {\n  padding-top: 51px;\n}\n@media (min-width:550px) {\n  #gap-1121756699 {\n    padding-top: 90px;\n  }\n}\n<\/style>\n\t<\/div>\n\t\n<div class=\"row row-large align-middle\"  id=\"row-183115366\">\n\n\t<div id=\"col-1234101319\" class=\"col medium-6 small-12 large-6\"  >\n\t\t<div class=\"col-inner\"  >\n\t\t\t\n\t\t\t\n\t<div class=\"img has-hover x md-x lg-x y md-y lg-y\" id=\"image_80367404\">\n\t\t\t\t\t\t\t\t<div class=\"img-inner dark\" >\n\t\t\t<img loading=\"lazy\" decoding=\"async\" width=\"1600\" height=\"1090\" src=\"https:\/\/ahvenfishing.ee\/wp-content\/uploads\/2021\/02\/pood-1.jpg\" class=\"attachment-original size-original\" alt=\"\" srcset=\"https:\/\/ahvenfishing.ee\/wp-content\/uploads\/2021\/02\/pood-1.jpg 1600w, https:\/\/ahvenfishing.ee\/wp-content\/uploads\/2021\/02\/pood-1-300x204.jpg 300w, https:\/\/ahvenfishing.ee\/wp-content\/uploads\/2021\/02\/pood-1-1024x698.jpg 1024w, https:\/\/ahvenfishing.ee\/wp-content\/uploads\/2021\/02\/pood-1-768x523.jpg 768w, https:\/\/ahvenfishing.ee\/wp-content\/uploads\/2021\/02\/pood-1-1536x1046.jpg 1536w, https:\/\/ahvenfishing.ee\/wp-content\/uploads\/2021\/02\/pood-1-600x409.jpg 600w\" sizes=\"auto, (max-width: 1600px) 100vw, 1600px\" \/>\t\t\t\t\t\t\n\t\t\t\t\t<\/div>\n\t\t\t\t\t\t\t\t\n<style>\n#image_80367404 {\n  width: 100%;\n}\n<\/style>\n\t<\/div>\n\t\n\t\t<\/div>\n\t\t\t<\/div>\n\n\t\n\n\t<div id=\"col-1685946410\" class=\"col medium-6 small-12 large-6\"  >\n\t\t<div class=\"col-inner\"  >\n\t\t\t\n\t\t\t\n<h2>Sortiment k\u00f5igile<\/h2>\n\t<div class=\"img has-hover x md-x lg-x y md-y lg-y\" id=\"image_794902056\">\n\t\t\t\t\t\t\t\t<div class=\"img-inner dark\" >\n\t\t\t<img loading=\"lazy\" decoding=\"async\" width=\"1020\" height=\"1020\" src=\"https:\/\/ahvenfishing.ee\/wp-content\/uploads\/2021\/03\/Vector.svg\" class=\"attachment-large size-large\" alt=\"\" srcset=\"https:\/\/ahvenfishing.ee\/wp-content\/uploads\/\/2021\/03\/Vector.svg 150w, https:\/\/ahvenfishing.ee\/wp-content\/uploads\/\/2021\/03\/Vector.svg 300w, https:\/\/ahvenfishing.ee\/wp-content\/uploads\/\/2021\/03\/Vector.svg 1024w\" sizes=\"auto, (max-width: 1020px) 100vw, 1020px\" \/>\t\t\t\t\t\t\n\t\t\t\t\t<\/div>\n\t\t\t\t\t\t\t\t\n<style>\n#image_794902056 {\n  width: 15%;\n}\n@media (min-width:550px) {\n  #image_794902056 {\n    width: 11%;\n  }\n}\n<\/style>\n\t<\/div>\n\t\n<p>Meie kalastusosakond on m\u00f5eldud kalastajate suurele ringkonnale. Meie tohutult suurest kalastustarvete valikust leiab endale k\u00f5ik vajaliku nii algaja kui ka k\u00f5ige n\u00f5udlikum staa\u017eikas kalastaja.<\/p>\n<p>Meie valikus on spinningud ja muud ridvad, rullid ja erinevad s\u00f6\u00f6dad, landid ja tamillid\/ n\u00f6\u00f6rid, riided, tarvikud, aksessuaarid ja muud spetsialiseeritud tooted kalastamiseks.<\/p>\n\t<div id=\"gap-245991198\" class=\"gap-element clearfix\" style=\"display:block; height:auto;\">\n\t\t\n<style>\n#gap-245991198 {\n  padding-top: 20px;\n}\n<\/style>\n\t<\/div>\n\t\n<a href=\"https:\/\/ahvenfishing.ee\/et\/shop\/\" target=\"_self\" class=\"button primary\"  >\n    <span>tootekataloog<\/span>\n  <\/a>\n\n<a href=\"#map\" target=\"_self\" class=\"button primary is-outline\"  >\n    <span>Poodi aadress<\/span>\n  <\/a>\n\n\t\t<\/div>\n\t\t\t<\/div>\n\n\t\n<\/div>\n\t<div id=\"gap-1221228226\" class=\"gap-element clearfix\" style=\"display:block; height:auto;\">\n\t\t\n<style>\n#gap-1221228226 {\n  padding-top: 8px;\n}\n@media (min-width:550px) {\n  #gap-1221228226 {\n    padding-top: 60px;\n  }\n}\n<\/style>\n\t<\/div>\n\t\n\t\t<\/div>\n\n\t\t\n<style>\n#section_1648616766 {\n  padding-top: 0px;\n  padding-bottom: 0px;\n}\n<\/style>\n\t<\/section>\n\t\n\t<section class=\"section\" id=\"section_1294296786\">\n\t\t<div class=\"bg section-bg fill bg-fill  bg-loaded\" >\n\n\t\t\t\n\t\t\t\n\t\t\t\n\n\t\t<\/div>\n\n\t\t<div class=\"section-content relative\">\n\t\t\t\n\t<div id=\"gap-209829992\" class=\"gap-element clearfix\" style=\"display:block; height:auto;\">\n\t\t\n<style>\n#gap-209829992 {\n  padding-top: 50px;\n}\n@media (min-width:550px) {\n  #gap-209829992 {\n    padding-top: 90px;\n  }\n}\n<\/style>\n\t<\/div>\n\t\n<div class=\"row row-large align-middle\"  id=\"row-1126336446\">\n\n\t<div id=\"col-1220245544\" class=\"col medium-6 small-12 large-6\"  >\n\t\t<div class=\"col-inner\"  >\n\t\t\t\n\t\t\t\n<h2>Kinnitatud kaubam\u00e4rgid<\/h2>\n\t<div class=\"img has-hover x md-x lg-x y md-y lg-y\" id=\"image_1076300110\">\n\t\t\t\t\t\t\t\t<div class=\"img-inner dark\" >\n\t\t\t<img loading=\"lazy\" decoding=\"async\" width=\"1020\" height=\"1020\" src=\"https:\/\/ahvenfishing.ee\/wp-content\/uploads\/2021\/03\/Vector.svg\" class=\"attachment-large size-large\" alt=\"\" srcset=\"https:\/\/ahvenfishing.ee\/wp-content\/uploads\/\/2021\/03\/Vector.svg 150w, https:\/\/ahvenfishing.ee\/wp-content\/uploads\/\/2021\/03\/Vector.svg 300w, https:\/\/ahvenfishing.ee\/wp-content\/uploads\/\/2021\/03\/Vector.svg 1024w\" sizes=\"auto, (max-width: 1020px) 100vw, 1020px\" \/>\t\t\t\t\t\t\n\t\t\t\t\t<\/div>\n\t\t\t\t\t\t\t\t\n<style>\n#image_1076300110 {\n  width: 15%;\n}\n@media (min-width:550px) {\n  #image_1076300110 {\n    width: 11%;\n  }\n}\n<\/style>\n\t<\/div>\n\t\n<p>Esindame kalap\u00fc\u00fcgiks ainult aja jooksul testitud ettev\u00f5tted, n\u00e4iteks: <span style=\"color: #007aff;\">Zip Baits, Megabass, YO-ZURI, Jackall, O.S.P, Deps, Graphiteleader, IMAKATSU, Pontoon 21, Forest, Ever Green, Major Craft, St. Croix Rods, Akara, Kosadaka, Strike Pro, Rapala, Salmo, UF Studio, Nord Waters<\/span> ja paljud teised, kelle kvaliteet meeldib ka k\u00f5ige n\u00f5udlikumad kalap\u00fc\u00fcgi huvilistele.<\/p>\n<p>Meil on v\u00e4ga suur kummilandid valik, n\u00e4iteks: <span style=\"color: #007aff;\">Narval, Crazy Fish, Keitech, Akkoi prime, Format, Berkley, Atemi, Fanatik, Lucky john, MILMAX<\/span> ja teised.<\/p>\n\t\t<\/div>\n\t\t\t<\/div>\n\n\t\n\n\t<div id=\"col-1568901046\" class=\"col medium-6 small-12 large-6\"  >\n\t\t<div class=\"col-inner\"  >\n\t\t\t\n\t\t\t\n<div class=\"row\"  id=\"row-1836172161\">\n\n\t<div id=\"col-614876349\" class=\"col categ medium-3 small-6 large-3\"  >\n\t\t<div class=\"col-inner\" style=\"background-color:rgb(255,255,255);\" >\n\t\t\t\n\t\t\t\n\t<div class=\"img has-hover x md-x lg-x y md-y lg-y\" id=\"image_1022868480\">\n\t\t\t\t\t\t\t\t<div class=\"img-inner dark\" >\n\t\t\t<img loading=\"lazy\" decoding=\"async\" width=\"266\" height=\"138\" src=\"https:\/\/ahvenfishing.ee\/wp-content\/uploads\/2021\/02\/im.png\" class=\"attachment-large size-large\" alt=\"\" \/>\t\t\t\t\t\t\n\t\t\t\t\t<\/div>\n\t\t\t\t\t\t\t\t\n<style>\n#image_1022868480 {\n  width: 100%;\n}\n<\/style>\n\t<\/div>\n\t\n\t\t<\/div>\n\t\t\n<style>\n#col-614876349 > .col-inner {\n  padding: 20px 20px 20px 20px;\n}\n<\/style>\n\t<\/div>\n\n\t\n\n\t<div id=\"col-1237353127\" class=\"col categ medium-3 small-6 large-3\"  >\n\t\t<div class=\"col-inner\" style=\"background-color:rgb(255,255,255);\" >\n\t\t\t\n\t\t\t\n\t<div class=\"img has-hover x md-x lg-x y md-y lg-y\" id=\"image_1380799570\">\n\t\t\t\t\t\t\t\t<div class=\"img-inner dark\" >\n\t\t\t<img loading=\"lazy\" decoding=\"async\" width=\"266\" height=\"138\" src=\"https:\/\/ahvenfishing.ee\/wp-content\/uploads\/2021\/02\/de.png\" class=\"attachment-large size-large\" alt=\"\" \/>\t\t\t\t\t\t\n\t\t\t\t\t<\/div>\n\t\t\t\t\t\t\t\t\n<style>\n#image_1380799570 {\n  width: 100%;\n}\n<\/style>\n\t<\/div>\n\t\n\t\t<\/div>\n\t\t\n<style>\n#col-1237353127 > .col-inner {\n  padding: 20px 20px 20px 20px;\n}\n<\/style>\n\t<\/div>\n\n\t\n\n\t<div id=\"col-116786492\" class=\"col categ medium-3 small-6 large-3\"  >\n\t\t<div class=\"col-inner\" style=\"background-color:rgb(255,255,255);\" >\n\t\t\t\n\t\t\t\n\t<div class=\"img has-hover x md-x lg-x y md-y lg-y\" id=\"image_1248830677\">\n\t\t\t\t\t\t\t\t<div class=\"img-inner dark\" >\n\t\t\t<img loading=\"lazy\" decoding=\"async\" width=\"266\" height=\"138\" src=\"https:\/\/ahvenfishing.ee\/wp-content\/uploads\/2021\/02\/dw.png\" class=\"attachment-large size-large\" alt=\"\" \/>\t\t\t\t\t\t\n\t\t\t\t\t<\/div>\n\t\t\t\t\t\t\t\t\n<style>\n#image_1248830677 {\n  width: 100%;\n}\n<\/style>\n\t<\/div>\n\t\n\t\t<\/div>\n\t\t\n<style>\n#col-116786492 > .col-inner {\n  padding: 20px 20px 20px 20px;\n}\n<\/style>\n\t<\/div>\n\n\t\n\n\t<div id=\"col-55989472\" class=\"col categ medium-3 small-6 large-3\"  >\n\t\t<div class=\"col-inner\" style=\"background-color:rgb(255,255,255);\" >\n\t\t\t\n\t\t\t\n\t<div class=\"img has-hover x md-x lg-x y md-y lg-y\" id=\"image_1916612225\">\n\t\t\t\t\t\t\t\t<div class=\"img-inner dark\" >\n\t\t\t<img loading=\"lazy\" decoding=\"async\" width=\"266\" height=\"138\" src=\"https:\/\/ahvenfishing.ee\/wp-content\/uploads\/2021\/02\/eg.png\" class=\"attachment-large size-large\" alt=\"\" \/>\t\t\t\t\t\t\n\t\t\t\t\t<\/div>\n\t\t\t\t\t\t\t\t\n<style>\n#image_1916612225 {\n  width: 100%;\n}\n<\/style>\n\t<\/div>\n\t\n\t\t<\/div>\n\t\t\n<style>\n#col-55989472 > .col-inner {\n  padding: 20px 20px 20px 20px;\n}\n<\/style>\n\t<\/div>\n\n\t\n\n\t<div id=\"col-1292830491\" class=\"col categ medium-3 small-6 large-3\"  >\n\t\t<div class=\"col-inner\" style=\"background-color:rgb(255, 255, 255);\" >\n\t\t\t\n\t\t\t\n\t<div class=\"img has-hover x md-x lg-x y md-y lg-y\" id=\"image_1638637041\">\n\t\t\t\t\t\t\t\t<div class=\"img-inner dark\" >\n\t\t\t<img loading=\"lazy\" decoding=\"async\" width=\"266\" height=\"138\" src=\"https:\/\/ahvenfishing.ee\/wp-content\/uploads\/2021\/02\/gr.png\" class=\"attachment-large size-large\" alt=\"\" \/>\t\t\t\t\t\t\n\t\t\t\t\t<\/div>\n\t\t\t\t\t\t\t\t\n<style>\n#image_1638637041 {\n  width: 100%;\n}\n<\/style>\n\t<\/div>\n\t\n\t\t<\/div>\n\t\t\n<style>\n#col-1292830491 > .col-inner {\n  padding: 20px 20px 20px 20px;\n}\n<\/style>\n\t<\/div>\n\n\t\n\n\t<div id=\"col-1011429394\" class=\"col categ medium-3 small-6 large-3\"  >\n\t\t<div class=\"col-inner\" style=\"background-color:rgb(255,255,255);\" >\n\t\t\t\n\t\t\t\n\t<div class=\"img has-hover x md-x lg-x y md-y lg-y\" id=\"image_989422451\">\n\t\t\t\t\t\t\t\t<div class=\"img-inner dark\" >\n\t\t\t<img loading=\"lazy\" decoding=\"async\" width=\"266\" height=\"138\" src=\"https:\/\/ahvenfishing.ee\/wp-content\/uploads\/2021\/02\/jc.png\" class=\"attachment-large size-large\" alt=\"\" \/>\t\t\t\t\t\t\n\t\t\t\t\t<\/div>\n\t\t\t\t\t\t\t\t\n<style>\n#image_989422451 {\n  width: 100%;\n}\n<\/style>\n\t<\/div>\n\t\n\t\t<\/div>\n\t\t\n<style>\n#col-1011429394 > .col-inner {\n  padding: 20px 20px 20px 20px;\n}\n<\/style>\n\t<\/div>\n\n\t\n\n\t<div id=\"col-150279042\" class=\"col categ medium-3 small-6 large-3\"  >\n\t\t<div class=\"col-inner\" style=\"background-color:rgb(255,255,255);\" >\n\t\t\t\n\t\t\t\n\t<div class=\"img has-hover x md-x lg-x y md-y lg-y\" id=\"image_1838487994\">\n\t\t\t\t\t\t\t\t<div class=\"img-inner dark\" >\n\t\t\t<img loading=\"lazy\" decoding=\"async\" width=\"266\" height=\"138\" src=\"https:\/\/ahvenfishing.ee\/wp-content\/uploads\/2021\/02\/mb.png\" class=\"attachment-large size-large\" alt=\"\" \/>\t\t\t\t\t\t\n\t\t\t\t\t<\/div>\n\t\t\t\t\t\t\t\t\n<style>\n#image_1838487994 {\n  width: 100%;\n}\n<\/style>\n\t<\/div>\n\t\n\t\t<\/div>\n\t\t\n<style>\n#col-150279042 > .col-inner {\n  padding: 20px 20px 20px 20px;\n}\n<\/style>\n\t<\/div>\n\n\t\n\n\t<div id=\"col-1943305301\" class=\"col categ medium-3 small-6 large-3\"  >\n\t\t<div class=\"col-inner\" style=\"background-color:rgb(255,255,255);\" >\n\t\t\t\n\t\t\t\n\t<div class=\"img has-hover x md-x lg-x y md-y lg-y\" id=\"image_3144003\">\n\t\t\t\t\t\t\t\t<div class=\"img-inner dark\" >\n\t\t\t<img loading=\"lazy\" decoding=\"async\" width=\"266\" height=\"138\" src=\"https:\/\/ahvenfishing.ee\/wp-content\/uploads\/2021\/02\/mj-1.png\" class=\"attachment-large size-large\" alt=\"\" \/>\t\t\t\t\t\t\n\t\t\t\t\t<\/div>\n\t\t\t\t\t\t\t\t\n<style>\n#image_3144003 {\n  width: 100%;\n}\n<\/style>\n\t<\/div>\n\t\n\t\t<\/div>\n\t\t\n<style>\n#col-1943305301 > .col-inner {\n  padding: 20px 20px 20px 20px;\n}\n<\/style>\n\t<\/div>\n\n\t\n\n\t<div id=\"col-1094604135\" class=\"col categ medium-3 small-6 large-3\"  >\n\t\t<div class=\"col-inner\" style=\"background-color:rgb(255,255,255);\" >\n\t\t\t\n\t\t\t\n\t<div class=\"img has-hover x md-x lg-x y md-y lg-y\" id=\"image_1853336386\">\n\t\t\t\t\t\t\t\t<div class=\"img-inner dark\" >\n\t\t\t<img loading=\"lazy\" decoding=\"async\" width=\"266\" height=\"138\" src=\"https:\/\/ahvenfishing.ee\/wp-content\/uploads\/2021\/02\/osp-1.png\" class=\"attachment-large size-large\" alt=\"\" \/>\t\t\t\t\t\t\n\t\t\t\t\t<\/div>\n\t\t\t\t\t\t\t\t\n<style>\n#image_1853336386 {\n  width: 100%;\n}\n<\/style>\n\t<\/div>\n\t\n\t\t<\/div>\n\t\t\n<style>\n#col-1094604135 > .col-inner {\n  padding: 20px 20px 20px 20px;\n}\n<\/style>\n\t<\/div>\n\n\t\n\n\t<div id=\"col-1030970593\" class=\"col categ medium-3 small-6 large-3\"  >\n\t\t<div class=\"col-inner\" style=\"background-color:rgb(255,255,255);\" >\n\t\t\t\n\t\t\t\n\t<div class=\"img has-hover x md-x lg-x y md-y lg-y\" id=\"image_70442930\">\n\t\t\t\t\t\t\t\t<div class=\"img-inner dark\" >\n\t\t\t<img loading=\"lazy\" decoding=\"async\" width=\"266\" height=\"138\" src=\"https:\/\/ahvenfishing.ee\/wp-content\/uploads\/2021\/02\/st.png\" class=\"attachment-large size-large\" alt=\"\" \/>\t\t\t\t\t\t\n\t\t\t\t\t<\/div>\n\t\t\t\t\t\t\t\t\n<style>\n#image_70442930 {\n  width: 100%;\n}\n<\/style>\n\t<\/div>\n\t\n\t\t<\/div>\n\t\t\n<style>\n#col-1030970593 > .col-inner {\n  padding: 20px 20px 20px 20px;\n}\n<\/style>\n\t<\/div>\n\n\t\n\n\t<div id=\"col-1938086298\" class=\"col categ medium-3 small-6 large-3\"  >\n\t\t<div class=\"col-inner\" style=\"background-color:rgb(255,255,255);\" >\n\t\t\t\n\t\t\t\n\t<div class=\"img has-hover x md-x lg-x y md-y lg-y\" id=\"image_646034178\">\n\t\t\t\t\t\t\t\t<div class=\"img-inner dark\" >\n\t\t\t<img loading=\"lazy\" decoding=\"async\" width=\"266\" height=\"138\" src=\"https:\/\/ahvenfishing.ee\/wp-content\/uploads\/2021\/02\/yz.png\" class=\"attachment-large size-large\" alt=\"\" \/>\t\t\t\t\t\t\n\t\t\t\t\t<\/div>\n\t\t\t\t\t\t\t\t\n<style>\n#image_646034178 {\n  width: 100%;\n}\n<\/style>\n\t<\/div>\n\t\n\t\t<\/div>\n\t\t\n<style>\n#col-1938086298 > .col-inner {\n  padding: 20px 20px 20px 20px;\n}\n<\/style>\n\t<\/div>\n\n\t\n\n\t<div id=\"col-226387505\" class=\"col categ medium-3 small-6 large-3\"  >\n\t\t<div class=\"col-inner\" style=\"background-color:rgb(255,255,255);\" >\n\t\t\t\n\t\t\t\n\t<div class=\"img has-hover x md-x lg-x y md-y lg-y\" id=\"image_2059102035\">\n\t\t\t\t\t\t\t\t<div class=\"img-inner dark\" >\n\t\t\t<img loading=\"lazy\" decoding=\"async\" width=\"266\" height=\"138\" src=\"https:\/\/ahvenfishing.ee\/wp-content\/uploads\/2021\/02\/zb-1.png\" class=\"attachment-large size-large\" alt=\"\" \/>\t\t\t\t\t\t\n\t\t\t\t\t<\/div>\n\t\t\t\t\t\t\t\t\n<style>\n#image_2059102035 {\n  width: 100%;\n}\n<\/style>\n\t<\/div>\n\t\n\t\t<\/div>\n\t\t\n<style>\n#col-226387505 > .col-inner {\n  padding: 20px 20px 20px 20px;\n}\n<\/style>\n\t<\/div>\n\n\t\n<\/div>\n\t\t<\/div>\n\t\t\t<\/div>\n\n\t\n<\/div>\n\t<div id=\"gap-426633789\" class=\"gap-element clearfix\" style=\"display:block; height:auto;\">\n\t\t\n<style>\n#gap-426633789 {\n  padding-top: 0px;\n}\n@media (min-width:550px) {\n  #gap-426633789 {\n    padding-top: 40px;\n  }\n}\n<\/style>\n\t<\/div>\n\t\n\t\t<\/div>\n\n\t\t\n<style>\n#section_1294296786 {\n  padding-top: 0px;\n  padding-bottom: 0px;\n  background-color: rgb(245, 245, 246);\n}\n<\/style>\n\t<\/section>\n\t\n\t<section class=\"section\" id=\"section_1476199030\">\n\t\t<div class=\"bg section-bg fill bg-fill  \" >\n\n\t\t\t\n\t\t\t<div class=\"section-bg-overlay absolute fill\"><\/div>\n\t\t\t\n\n\t\t<\/div>\n\n\t\t<div class=\"section-content relative\">\n\t\t\t\n\t<div id=\"gap-1065541489\" class=\"gap-element clearfix\" style=\"display:block; height:auto;\">\n\t\t\n<style>\n#gap-1065541489 {\n  padding-top: 56px;\n}\n@media (min-width:550px) {\n  #gap-1065541489 {\n    padding-top: 96px;\n  }\n}\n<\/style>\n\t<\/div>\n\t\n<div class=\"row row-large align-middle align-center\"  id=\"row-595463619\">\n\n\t<div id=\"col-81545211\" class=\"col medium-6 small-12 large-6\"  >\n\t\t<div class=\"col-inner text-center\"  >\n\t\t\t\n\t\t\t\n\t<div class=\"img has-hover x md-x lg-x y md-y lg-y\" id=\"image_1142101647\">\n\t\t\t\t\t\t\t\t<div class=\"img-inner dark\" >\n\t\t\t<img loading=\"lazy\" decoding=\"async\" width=\"1020\" height=\"1020\" src=\"https:\/\/ahvenfishing.ee\/wp-content\/uploads\/2021\/03\/q.svg\" class=\"attachment-large size-large\" alt=\"\" srcset=\"https:\/\/ahvenfishing.ee\/wp-content\/uploads\/\/2021\/03\/q.svg 150w, https:\/\/ahvenfishing.ee\/wp-content\/uploads\/\/2021\/03\/q.svg 300w, https:\/\/ahvenfishing.ee\/wp-content\/uploads\/\/2021\/03\/q.svg 1024w\" sizes=\"auto, (max-width: 1020px) 100vw, 1020px\" \/>\t\t\t\t\t\t\n\t\t\t\t\t<\/div>\n\t\t\t\t\t\t\t\t\n<style>\n#image_1142101647 {\n  width: 10%;\n}\n<\/style>\n\t<\/div>\n\t\n\t<div id=\"gap-1544662246\" class=\"gap-element clearfix\" style=\"display:block; height:auto;\">\n\t\t\n<style>\n#gap-1544662246 {\n  padding-top: 20px;\n}\n<\/style>\n\t<\/div>\n\t\n<h4><em>Kalap\u00fc\u00fck on eluviis, sport ja isegi kunst. Pakun oma poes parimaid tooteid, mis on aja ja kogemuste p\u00f5hjal testitud.<\/em><\/h4>\n\t<div id=\"gap-29823727\" class=\"gap-element clearfix\" style=\"display:block; height:auto;\">\n\t\t\n<style>\n#gap-29823727 {\n  padding-top: 20px;\n}\n<\/style>\n\t<\/div>\n\t\n\t<div class=\"img has-hover x md-x lg-x y md-y lg-y\" id=\"image_57726030\">\n\t\t\t\t\t\t\t\t<div class=\"img-inner dark\" >\n\t\t\t<img loading=\"lazy\" decoding=\"async\" width=\"960\" height=\"960\" src=\"https:\/\/ahvenfishing.ee\/wp-content\/uploads\/2021\/03\/Foto.png\" class=\"attachment-original size-original\" alt=\"\" srcset=\"https:\/\/ahvenfishing.ee\/wp-content\/uploads\/2021\/03\/Foto.png 960w, https:\/\/ahvenfishing.ee\/wp-content\/uploads\/2021\/03\/Foto-300x300.png 300w, https:\/\/ahvenfishing.ee\/wp-content\/uploads\/2021\/03\/Foto-150x150.png 150w, https:\/\/ahvenfishing.ee\/wp-content\/uploads\/2021\/03\/Foto-768x768.png 768w, https:\/\/ahvenfishing.ee\/wp-content\/uploads\/2021\/03\/Foto-80x80.png 80w, https:\/\/ahvenfishing.ee\/wp-content\/uploads\/2021\/03\/Foto-600x600.png 600w, https:\/\/ahvenfishing.ee\/wp-content\/uploads\/2021\/03\/Foto-100x100.png 100w\" sizes=\"auto, (max-width: 960px) 100vw, 960px\" \/>\t\t\t\t\t\t\n\t\t\t\t\t<\/div>\n\t\t\t\t\t\t\t\t\n<style>\n#image_57726030 {\n  width: 48%;\n}\n@media (min-width:550px) {\n  #image_57726030 {\n    width: 31%;\n  }\n}\n<\/style>\n\t<\/div>\n\t\n\t<div id=\"gap-1107224369\" class=\"gap-element clearfix\" style=\"display:block; height:auto;\">\n\t\t\n<style>\n#gap-1107224369 {\n  padding-top: 12px;\n}\n<\/style>\n\t<\/div>\n\t\n<h2><strong>Evgeny Soloviev<\/strong><\/h2>\n<p>Asutaja ja direktor<\/p>\n\t\t<\/div>\n\t\t\t<\/div>\n\n\t\n<\/div>\n\t<div id=\"gap-1438976486\" class=\"gap-element clearfix\" style=\"display:block; height:auto;\">\n\t\t\n<style>\n#gap-1438976486 {\n  padding-top: 0px;\n}\n@media (min-width:550px) {\n  #gap-1438976486 {\n    padding-top: 31px;\n  }\n}\n<\/style>\n\t<\/div>\n\t\n\t\t<\/div>\n\n\t\t\n<style>\n#section_1476199030 {\n  padding-top: 0px;\n  padding-bottom: 0px;\n  background-color: rgb(255,255,255);\n}\n#section_1476199030 .section-bg-overlay {\n  background-color: rgba(255, 255, 255, 0.901);\n}\n#section_1476199030 .section-bg.bg-loaded {\n  background-image: url(https:\/\/ahvenfishing.ee\/wp-content\/uploads\/2021\/03\/22.jpg);\n}\n#section_1476199030 .section-bg {\n  background-position: 63% 52%;\n}\n<\/style>\n\t<\/section>\n\t\n<span class=\"scroll-to\" data-label=\"Scroll to: #map\" data-bullet=\"false\" data-link=\"#map\" data-title=\"map\"><a name=\"map\"><\/a><\/span>\n\t<section class=\"section\" id=\"section_847630730\">\n\t\t<div class=\"bg section-bg fill bg-fill  bg-loaded\" >\n\n\t\t\t\n\t\t\t\n\t\t\t\n\n\t\t<\/div>\n\n\t\t<div class=\"section-content relative\">\n\t\t\t\n<div class=\"row row-collapse row-full-width\"  id=\"row-1619861477\">\n\n\t<div id=\"col-965137634\" class=\"col small-12 large-12\"  >\n\t\t<div class=\"col-inner\"  >\n\t\t\t\n\t\t\t\n<p><iframe loading=\"lazy\" style=\"border: 0;\" src=\"https:\/\/www.google.com\/maps\/embed?pb=!1m18!1m12!1m3!1d12162.95850965647!2d24.79885761323441!3d59.42555165599165!2m3!1f0!2f0!3f0!3m2!1i1024!2i768!4f13.1!3m3!1m2!1s0x0%3A0x89191f62b04727cb!2sAhven!5e0!3m2!1sru!2see!4v1614101360944!5m2!1sru!2see\" width=\"100%\" height=\"450\" allowfullscreen=\"allowfullscreen\"><\/iframe><\/p>\n\t\t<\/div>\n\t\t\n<style>\n#col-965137634 > .col-inner {\n  margin: 0px 0px -29px 0px;\n}\n<\/style>\n\t<\/div>\n\n\t\n<\/div>\n\t\t<\/div>\n\n\t\t\n<style>\n#section_847630730 {\n  padding-top: 0px;\n  padding-bottom: 0px;\n}\n<\/style>\n\t<\/section>\n\t\n","protected":false},"excerpt":{"rendered":"","protected":false},"author":2,"featured_media":0,"parent":0,"menu_order":0,"comment_status":"closed","ping_status":"closed","template":"page-blank.php","meta":{"footnotes":""},"class_list":["post-1699","page","type-page","status-publish","hentry"],"_links":{"self":[{"href":"https:\/\/ahvenfishing.ee\/et\/wp-json\/wp\/v2\/pages\/1699","targetHints":{"allow":["GET"]}}],"collection":[{"href":"https:\/\/ahvenfishing.ee\/et\/wp-json\/wp\/v2\/pages"}],"about":[{"href":"https:\/\/ahvenfishing.ee\/et\/wp-json\/wp\/v2\/types\/page"}],"author":[{"embeddable":true,"href":"https:\/\/ahvenfishing.ee\/et\/wp-json\/wp\/v2\/users\/2"}],"replies":[{"embeddable":true,"href":"https:\/\/ahvenfishing.ee\/et\/wp-json\/wp\/v2\/comments?post=1699"}],"version-history":[{"count":5,"href":"https:\/\/ahvenfishing.ee\/et\/wp-json\/wp\/v2\/pages\/1699\/revisions"}],"predecessor-version":[{"id":1761,"href":"https:\/\/ahvenfishing.ee\/et\/wp-json\/wp\/v2\/pages\/1699\/revisions\/1761"}],"wp:attachment":[{"href":"https:\/\/ahvenfishing.ee\/et\/wp-json\/wp\/v2\/media?parent=1699"}],"curies":[{"name":"wp","href":"https:\/\/api.w.org\/{rel}","templated":true}]}}