{"id":1703,"date":"2021-03-14T18:55:33","date_gmt":"2021-03-14T16:55:33","guid":{"rendered":"https:\/\/ahven.preview.ee\/dostavka\/"},"modified":"2021-04-05T17:47:29","modified_gmt":"2021-04-05T14:47:29","slug":"tarne","status":"publish","type":"page","link":"https:\/\/ahvenfishing.ee\/et\/tarne\/","title":{"rendered":"Tarne"},"content":{"rendered":"\t<section class=\"section\" id=\"section_1230186306\">\n\t\t<div class=\"bg section-bg fill bg-fill  bg-loaded\" >\n\n\t\t\t\n\t\t\t\n\t\t\t\n\n\t\t<\/div>\n\n\t\t<div class=\"section-content relative\">\n\t\t\t\n\t<div id=\"gap-1757357503\" class=\"gap-element clearfix\" style=\"display:block; height:auto;\">\n\t\t\n<style>\n#gap-1757357503 {\n  padding-top: 32px;\n}\n@media (min-width:550px) {\n  #gap-1757357503 {\n    padding-top: 61px;\n  }\n}\n<\/style>\n\t<\/div>\n\t\n<div class=\"row align-middle\"  id=\"row-1918596534\">\n\n\t<div id=\"col-2022841253\" class=\"col medium-6 small-12 large-6\"  >\n\t\t<div class=\"col-inner\"  >\n\t\t\t\n\t\t\t\n<h2>Tarne<\/h2>\n\t<div class=\"img has-hover x md-x lg-x y md-y lg-y\" id=\"image_1285711882\">\n\t\t\t\t\t\t\t\t<div class=\"img-inner dark\" >\n\t\t\t<img loading=\"lazy\" decoding=\"async\" width=\"1020\" height=\"1020\" src=\"https:\/\/ahvenfishing.ee\/wp-content\/uploads\/2021\/03\/Vector.svg\" class=\"attachment-large size-large\" alt=\"\" srcset=\"https:\/\/ahvenfishing.ee\/wp-content\/uploads\/\/2021\/03\/Vector.svg 150w, https:\/\/ahvenfishing.ee\/wp-content\/uploads\/\/2021\/03\/Vector.svg 300w, https:\/\/ahvenfishing.ee\/wp-content\/uploads\/\/2021\/03\/Vector.svg 1024w\" sizes=\"auto, (max-width: 1020px) 100vw, 1020px\" \/>\t\t\t\t\t\t\n\t\t\t\t\t<\/div>\n\t\t\t\t\t\t\t\t\n<style>\n#image_1285711882 {\n  width: 15%;\n}\n@media (min-width:550px) {\n  #image_1285711882 {\n    width: 10%;\n  }\n}\n<\/style>\n\t<\/div>\n\t\n<p>Kauba kohaletoimetamise hind Ahven netipoes kajastub maksmisel ja ostuarvel. Saatmiskulud on arvestatud eeldusel, et \u00fcks tellimus on m\u00f5eldud \u00fchele sihtaadressile. Juhul, kui Ostja soovib kaupa toimetada erinevatele aadressidele, tuleb teha erinevad tellimused.<\/p>\n<p>Pood Ahven j\u00e4tab endale \u00f5iguse korrigeerida transpordihindu ning hindasid oma netipoes ilma ette teatamata.<\/p>\n\t\t<\/div>\n\t\t\n<style>\n#col-2022841253 > .col-inner {\n  margin: 0px 0px -11px 0px;\n}\n<\/style>\n\t<\/div>\n\n\t\n\n\t<div id=\"col-1453275597\" class=\"col medium-6 small-12 large-6\"  >\n\t\t<div class=\"col-inner\"  >\n\t\t\t\n\t\t\t\n\t<div class=\"img has-hover x md-x lg-x y md-y lg-y\" id=\"image_1147158375\">\n\t\t\t\t\t\t\t\t<div class=\"img-inner dark\" style=\"margin:0px 0px -100px 0px;\">\n\t\t\t<img loading=\"lazy\" decoding=\"async\" width=\"1200\" height=\"727\" src=\"https:\/\/ahvenfishing.ee\/wp-content\/uploads\/2021\/03\/truck.png\" class=\"attachment-original size-original\" alt=\"\" srcset=\"https:\/\/ahvenfishing.ee\/wp-content\/uploads\/2021\/03\/truck.png 1200w, https:\/\/ahvenfishing.ee\/wp-content\/uploads\/2021\/03\/truck-300x182.png 300w, https:\/\/ahvenfishing.ee\/wp-content\/uploads\/2021\/03\/truck-1024x620.png 1024w, https:\/\/ahvenfishing.ee\/wp-content\/uploads\/2021\/03\/truck-768x465.png 768w, https:\/\/ahvenfishing.ee\/wp-content\/uploads\/2021\/03\/truck-80x48.png 80w, https:\/\/ahvenfishing.ee\/wp-content\/uploads\/2021\/03\/truck-600x364.png 600w\" sizes=\"auto, (max-width: 1200px) 100vw, 1200px\" \/>\t\t\t\t\t\t\n\t\t\t\t\t<\/div>\n\t\t\t\t\t\t\t\t\n<style>\n#image_1147158375 {\n  width: 100%;\n}\n<\/style>\n\t<\/div>\n\t\n\t\t<\/div>\n\t\t\t<\/div>\n\n\t\n<\/div>\n\t<div id=\"gap-1587648069\" class=\"gap-element clearfix\" style=\"display:block; height:auto;\">\n\t\t\n<style>\n#gap-1587648069 {\n  padding-top: 72px;\n}\n@media (min-width:550px) {\n  #gap-1587648069 {\n    padding-top: 30px;\n  }\n}\n<\/style>\n\t<\/div>\n\t\n<div class=\"row\"  id=\"row-1478377255\">\n\n\t<div id=\"col-1461737808\" class=\"col small-12 large-12\"  >\n\t\t<div class=\"col-inner\"  >\n\t\t\t\n\t\t\t\n<h3>Tarne Eesti piires<\/h3>\n\t<div class=\"img has-hover x md-x lg-x y md-y lg-y\" id=\"image_764363137\">\n\t\t\t\t\t\t\t\t<div class=\"img-inner dark\" >\n\t\t\t<img loading=\"lazy\" decoding=\"async\" width=\"1020\" height=\"1020\" src=\"https:\/\/ahvenfishing.ee\/wp-content\/uploads\/2021\/03\/Vector.svg\" class=\"attachment-large size-large\" alt=\"\" srcset=\"https:\/\/ahvenfishing.ee\/wp-content\/uploads\/\/2021\/03\/Vector.svg 150w, https:\/\/ahvenfishing.ee\/wp-content\/uploads\/\/2021\/03\/Vector.svg 300w, https:\/\/ahvenfishing.ee\/wp-content\/uploads\/\/2021\/03\/Vector.svg 1024w\" sizes=\"auto, (max-width: 1020px) 100vw, 1020px\" \/>\t\t\t\t\t\t\n\t\t\t\t\t<\/div>\n\t\t\t\t\t\t\t\t\n<style>\n#image_764363137 {\n  width: 15%;\n}\n@media (min-width:550px) {\n  #image_764363137 {\n    width: 5%;\n  }\n}\n<\/style>\n\t<\/div>\n\t\n<p>Saatmine Eesti piires. Tarneaeg Ahven netipoest ostmisel on reeglina 2-5 t\u00f6\u00f6p\u00e4eva. Kauba toimetame Teieni Eesti piires Omniva pakiautomaadi, postkontorite kaudu v\u00f5i Omniva kulleriga. Valiku saatmisv\u00f5imaluste vahel saate teha ostu vormistamisel. Kui tegemist on erim\u00f5\u00f5tmelise kauba (n\u00e4it. pikk spinninguritv) v\u00f5i eriti raske kaubaga (n\u00e4it. t\u00e4ispuhutav paat), siis puudub v\u00f5imalus saata kaupa Omniva pakiautomaadiga. Saatmisvalikuid n\u00e4ete ostu vormistamisel, sel juhul avaneb v\u00f5imalus valida ainult postkontori v\u00f5i Omniva kulleri vahel. Kui soovite erim\u00f5\u00f5tmelist v\u00f5i rasket kaupa, mille saatmiskulud on suuremad, tellida postkontorisse v\u00f5i Omniva kulleriga, siis kehtestatakse hinnalisa vastavalt kullerfirma hinnakirjale. Transpordihinna muutumisel teavitatakse Teid sellest meie klienditeeninduse kaudu.<\/p>\n<ul>\n<li>Omniva pakiautomaat toob kauba Ostja poolt valitud pakiautomaati<\/li>\n<li>Omniva postkontorisse<\/li>\n<li>Omniva kuller toob tellitud kauba Ostja poolt m\u00e4rgitud aadressile<\/li>\n<li>Kui valid tellimuse k\u00e4ttesaamiseks kaupluse, siis tellimusele transpordikulu ei lisandu.<\/li>\n<\/ul>\n<p>Tulen ise kaubale j\u00e4rele. Valikutesse on lisandunud ka v\u00f5imalus ostetud kaubale ise kauplusesse j\u00e4rele minna, mis s\u00e4\u00e4stab kaupluses oluliselt Teie aega. Toodete valimine, tellimine ja maksmine toimub sel juhul tavalises korras netipoe kaudu, transpordivalikuks aga tuleb valida \u00abTULEN ISE KAUBALE J\u00c4RELE\u00bb. Sellisel juhul ootab kaup Teid valmispanduna Ahven kaupluses ja Te saate sellele j\u00e4rele minna Teile sobival ajal.<\/p>\n\t<div class=\"img has-hover x md-x lg-x y md-y lg-y\" id=\"image_761381714\">\n\t\t\t\t\t\t\t\t<div class=\"img-inner dark\" >\n\t\t\t<img loading=\"lazy\" decoding=\"async\" width=\"1020\" height=\"1020\" src=\"https:\/\/ahvenfishing.ee\/wp-content\/uploads\/2021\/03\/Vector.svg\" class=\"attachment-large size-large\" alt=\"\" srcset=\"https:\/\/ahvenfishing.ee\/wp-content\/uploads\/\/2021\/03\/Vector.svg 150w, https:\/\/ahvenfishing.ee\/wp-content\/uploads\/\/2021\/03\/Vector.svg 300w, https:\/\/ahvenfishing.ee\/wp-content\/uploads\/\/2021\/03\/Vector.svg 1024w\" sizes=\"auto, (max-width: 1020px) 100vw, 1020px\" \/>\t\t\t\t\t\t\n\t\t\t\t\t<\/div>\n\t\t\t\t\t\t\t\t\n<style>\n#image_761381714 {\n  width: 15%;\n}\n@media (min-width:550px) {\n  #image_761381714 {\n    width: 5%;\n  }\n}\n<\/style>\n\t<\/div>\n\t\n<p>Kauba saatmine v\u00e4lismaale. Ahven internetikauplusest saab kaupa tellida ka v\u00e4lismaale. T\u00e4idame tellimusi kaupade saatmisel Omniva vahendusel 50-sse erinevasse riiki \u00fcle maailma. Enne tellimuse vormistamist palun veenduge, et Teie asukohariik asub Omniva nimekirjas.<\/p>\n\t\t<\/div>\n\t\t\t<\/div>\n\n\t\n<\/div>\n\t<div id=\"gap-1468039027\" class=\"gap-element clearfix\" style=\"display:block; height:auto;\">\n\t\t\n<style>\n#gap-1468039027 {\n  padding-top: 0px;\n}\n@media (min-width:550px) {\n  #gap-1468039027 {\n    padding-top: 38px;\n  }\n}\n<\/style>\n\t<\/div>\n\t\n\t\t<\/div>\n\n\t\t\n<style>\n#section_1230186306 {\n  padding-top: 0px;\n  padding-bottom: 0px;\n}\n<\/style>\n\t<\/section>\n\t\n","protected":false},"excerpt":{"rendered":"","protected":false},"author":2,"featured_media":0,"parent":0,"menu_order":0,"comment_status":"closed","ping_status":"closed","template":"page-blank.php","meta":{"footnotes":""},"class_list":["post-1703","page","type-page","status-publish","hentry"],"_links":{"self":[{"href":"https:\/\/ahvenfishing.ee\/et\/wp-json\/wp\/v2\/pages\/1703","targetHints":{"allow":["GET"]}}],"collection":[{"href":"https:\/\/ahvenfishing.ee\/et\/wp-json\/wp\/v2\/pages"}],"about":[{"href":"https:\/\/ahvenfishing.ee\/et\/wp-json\/wp\/v2\/types\/page"}],"author":[{"embeddable":true,"href":"https:\/\/ahvenfishing.ee\/et\/wp-json\/wp\/v2\/users\/2"}],"replies":[{"embeddable":true,"href":"https:\/\/ahvenfishing.ee\/et\/wp-json\/wp\/v2\/comments?post=1703"}],"version-history":[{"count":2,"href":"https:\/\/ahvenfishing.ee\/et\/wp-json\/wp\/v2\/pages\/1703\/revisions"}],"predecessor-version":[{"id":1705,"href":"https:\/\/ahvenfishing.ee\/et\/wp-json\/wp\/v2\/pages\/1703\/revisions\/1705"}],"wp:attachment":[{"href":"https:\/\/ahvenfishing.ee\/et\/wp-json\/wp\/v2\/media?parent=1703"}],"curies":[{"name":"wp","href":"https:\/\/api.w.org\/{rel}","templated":true}]}}