{"id":1706,"date":"2021-03-14T19:22:16","date_gmt":"2021-03-14T17:22:16","guid":{"rendered":"https:\/\/ahven.preview.ee\/oplata\/"},"modified":"2021-05-19T14:25:08","modified_gmt":"2021-05-19T11:25:08","slug":"tasumine","status":"publish","type":"page","link":"https:\/\/ahvenfishing.ee\/et\/tasumine\/","title":{"rendered":"Tasumine"},"content":{"rendered":"\t<section class=\"section\" id=\"section_1996483059\">\n\t\t<div class=\"bg section-bg fill bg-fill  bg-loaded\" >\n\n\t\t\t\n\t\t\t\n\t\t\t\n\n\t\t<\/div>\n\n\t\t<div class=\"section-content relative\">\n\t\t\t\n\t<div id=\"gap-1436936923\" class=\"gap-element clearfix\" style=\"display:block; height:auto;\">\n\t\t\n<style>\n#gap-1436936923 {\n  padding-top: 32px;\n}\n@media (min-width:550px) {\n  #gap-1436936923 {\n    padding-top: 61px;\n  }\n}\n<\/style>\n\t<\/div>\n\t\n<div class=\"row row-large\"  id=\"row-1652983086\">\n\n\t<div id=\"col-1427867596\" class=\"col medium-7 small-12 large-7\"  >\n\t\t<div class=\"col-inner\"  >\n\t\t\t\n\t\t\t\n<h2>Tasumine<\/h2>\n\t<div class=\"img has-hover x md-x lg-x y md-y lg-y\" id=\"image_1454516360\">\n\t\t\t\t\t\t\t\t<div class=\"img-inner dark\" >\n\t\t\t<img loading=\"lazy\" decoding=\"async\" width=\"1020\" height=\"1020\" src=\"https:\/\/ahvenfishing.ee\/wp-content\/uploads\/2021\/03\/Vector.svg\" class=\"attachment-large size-large\" alt=\"\" srcset=\"https:\/\/ahvenfishing.ee\/wp-content\/uploads\/\/2021\/03\/Vector.svg 150w, https:\/\/ahvenfishing.ee\/wp-content\/uploads\/\/2021\/03\/Vector.svg 300w, https:\/\/ahvenfishing.ee\/wp-content\/uploads\/\/2021\/03\/Vector.svg 1024w\" sizes=\"auto, (max-width: 1020px) 100vw, 1020px\" \/>\t\t\t\t\t\t\n\t\t\t\t\t<\/div>\n\t\t\t\t\t\t\t\t\n<style>\n#image_1454516360 {\n  width: 15%;\n}\n@media (min-width:550px) {\n  #image_1454516360 {\n    width: 10%;\n  }\n}\n<\/style>\n\t<\/div>\n\t\n<p>Valige sobiv makseviis pakutud v\u00f5imaluste hulgast klikates sobivale lingile: (Swedbank, SEB, LHV, COOP \u0438\u043b\u0438 Citadele).<\/p>\n<p>Logige sisse valitud internetipanka oma kasutajatunnuse ja paroolidega. Sisselogimine on turvaline ja privaatne, kuna andmeid poe ja panga vahel edastatakse kr\u00fcptitud kujul ning kolmandatel isikutel puudub ligip\u00e4\u00e4s Ostja andmetele.<\/p>\n<p>P\u00e4rast makse sooritamist netipanga kaudu \u00e4rge sulgege brauseri akent, vaid vajutage kindlasti nuppu TAGASI KAUPMEHE JUURDE, mis juhatab Teid tagasi Ahven netipoodi.<\/p>\n<p>N\u00e4ete kinnitust oma makse sooritamise \u00f5nnestumise kohta, kinnitus saadetakse Teie e-posti aadressile.<\/p>\n\t\t<\/div>\n\t\t\t<\/div>\n\n\t\n\n\t<div id=\"col-806183664\" class=\"col medium-5 small-12 large-5\"  >\n\t\t<div class=\"col-inner\"  >\n\t\t\t\n\t\t\t\n<div class=\"row\"  id=\"row-611326791\">\n\n\t<div id=\"col-1506681423\" class=\"col categ medium-6 small-6 large-6\"  >\n\t\t<div class=\"col-inner\" style=\"background-color:rgb(245, 245, 246);\" >\n\t\t\t\n\t\t\t\n\t<div class=\"img has-hover x md-x lg-x y md-y lg-y\" id=\"image_969288471\">\n\t\t\t\t\t\t\t\t<div class=\"img-inner dark\" >\n\t\t\t<img loading=\"lazy\" decoding=\"async\" width=\"400\" height=\"141\" src=\"https:\/\/ahvenfishing.ee\/wp-content\/uploads\/2021\/03\/swed.png\" class=\"attachment-original size-original\" alt=\"\" srcset=\"https:\/\/ahvenfishing.ee\/wp-content\/uploads\/2021\/03\/swed.png 400w, https:\/\/ahvenfishing.ee\/wp-content\/uploads\/2021\/03\/swed-300x106.png 300w, https:\/\/ahvenfishing.ee\/wp-content\/uploads\/2021\/03\/swed-80x28.png 80w\" sizes=\"auto, (max-width: 400px) 100vw, 400px\" \/>\t\t\t\t\t\t\n\t\t\t\t\t<\/div>\n\t\t\t\t\t\t\t\t\n<style>\n#image_969288471 {\n  width: 100%;\n}\n<\/style>\n\t<\/div>\n\t\n\t\t<\/div>\n\t\t\n<style>\n#col-1506681423 > .col-inner {\n  padding: 20px 20px 20px 20px;\n}\n<\/style>\n\t<\/div>\n\n\t\n\n\t<div id=\"col-565565912\" class=\"col categ medium-6 small-6 large-6\"  >\n\t\t<div class=\"col-inner\" style=\"background-color:rgb(245, 245, 246);\" >\n\t\t\t\n\t\t\t\n\t<div class=\"img has-hover x md-x lg-x y md-y lg-y\" id=\"image_296381082\">\n\t\t\t\t\t\t\t\t<div class=\"img-inner dark\" >\n\t\t\t<img loading=\"lazy\" decoding=\"async\" width=\"400\" height=\"141\" src=\"https:\/\/ahvenfishing.ee\/wp-content\/uploads\/2021\/03\/seb.png\" class=\"attachment-original size-original\" alt=\"\" srcset=\"https:\/\/ahvenfishing.ee\/wp-content\/uploads\/2021\/03\/seb.png 400w, https:\/\/ahvenfishing.ee\/wp-content\/uploads\/2021\/03\/seb-300x106.png 300w, https:\/\/ahvenfishing.ee\/wp-content\/uploads\/2021\/03\/seb-80x28.png 80w\" sizes=\"auto, (max-width: 400px) 100vw, 400px\" \/>\t\t\t\t\t\t\n\t\t\t\t\t<\/div>\n\t\t\t\t\t\t\t\t\n<style>\n#image_296381082 {\n  width: 100%;\n}\n<\/style>\n\t<\/div>\n\t\n\t\t<\/div>\n\t\t\n<style>\n#col-565565912 > .col-inner {\n  padding: 20px 20px 20px 20px;\n}\n<\/style>\n\t<\/div>\n\n\t\n\n\t<div id=\"col-191517813\" class=\"col categ medium-6 small-6 large-6\"  >\n\t\t<div class=\"col-inner\" style=\"background-color:rgb(245, 245, 246);\" >\n\t\t\t\n\t\t\t\n\t<div class=\"img has-hover x md-x lg-x y md-y lg-y\" id=\"image_2009066244\">\n\t\t\t\t\t\t\t\t<div class=\"img-inner dark\" >\n\t\t\t<img loading=\"lazy\" decoding=\"async\" width=\"400\" height=\"141\" src=\"https:\/\/ahvenfishing.ee\/wp-content\/uploads\/2021\/03\/lhv.png\" class=\"attachment-original size-original\" alt=\"\" srcset=\"https:\/\/ahvenfishing.ee\/wp-content\/uploads\/2021\/03\/lhv.png 400w, https:\/\/ahvenfishing.ee\/wp-content\/uploads\/2021\/03\/lhv-300x106.png 300w, https:\/\/ahvenfishing.ee\/wp-content\/uploads\/2021\/03\/lhv-80x28.png 80w\" sizes=\"auto, (max-width: 400px) 100vw, 400px\" \/>\t\t\t\t\t\t\n\t\t\t\t\t<\/div>\n\t\t\t\t\t\t\t\t\n<style>\n#image_2009066244 {\n  width: 100%;\n}\n<\/style>\n\t<\/div>\n\t\n\t\t<\/div>\n\t\t\n<style>\n#col-191517813 > .col-inner {\n  padding: 20px 20px 20px 20px;\n}\n<\/style>\n\t<\/div>\n\n\t\n\n\t<div id=\"col-317794385\" class=\"col categ medium-6 small-6 large-6\"  >\n\t\t<div class=\"col-inner\" style=\"background-color:rgb(245, 245, 246);\" >\n\t\t\t\n\t\t\t\n\t<div class=\"img has-hover x md-x lg-x y md-y lg-y\" id=\"image_1492252220\">\n\t\t\t\t\t\t\t\t<div class=\"img-inner dark\" >\n\t\t\t<img loading=\"lazy\" decoding=\"async\" width=\"400\" height=\"141\" src=\"https:\/\/ahvenfishing.ee\/wp-content\/uploads\/2021\/03\/coopo.png\" class=\"attachment-original size-original\" alt=\"\" srcset=\"https:\/\/ahvenfishing.ee\/wp-content\/uploads\/2021\/03\/coopo.png 400w, https:\/\/ahvenfishing.ee\/wp-content\/uploads\/2021\/03\/coopo-300x106.png 300w, https:\/\/ahvenfishing.ee\/wp-content\/uploads\/2021\/03\/coopo-80x28.png 80w\" sizes=\"auto, (max-width: 400px) 100vw, 400px\" \/>\t\t\t\t\t\t\n\t\t\t\t\t<\/div>\n\t\t\t\t\t\t\t\t\n<style>\n#image_1492252220 {\n  width: 100%;\n}\n<\/style>\n\t<\/div>\n\t\n\t\t<\/div>\n\t\t\n<style>\n#col-317794385 > .col-inner {\n  padding: 20px 20px 20px 20px;\n}\n<\/style>\n\t<\/div>\n\n\t\n\n\t<div id=\"col-1161323259\" class=\"col categ medium-6 small-6 large-6\"  >\n\t\t<div class=\"col-inner\" style=\"background-color:rgb(245, 245, 246);\" >\n\t\t\t\n\t\t\t\n\t<div class=\"img has-hover x md-x lg-x y md-y lg-y\" id=\"image_115131037\">\n\t\t\t\t\t\t\t\t<div class=\"img-inner dark\" >\n\t\t\t<img loading=\"lazy\" decoding=\"async\" width=\"400\" height=\"141\" src=\"https:\/\/ahvenfishing.ee\/wp-content\/uploads\/2021\/03\/citadele.png\" class=\"attachment-original size-original\" alt=\"\" srcset=\"https:\/\/ahvenfishing.ee\/wp-content\/uploads\/2021\/03\/citadele.png 400w, https:\/\/ahvenfishing.ee\/wp-content\/uploads\/2021\/03\/citadele-300x106.png 300w, https:\/\/ahvenfishing.ee\/wp-content\/uploads\/2021\/03\/citadele-80x28.png 80w\" sizes=\"auto, (max-width: 400px) 100vw, 400px\" \/>\t\t\t\t\t\t\n\t\t\t\t\t<\/div>\n\t\t\t\t\t\t\t\t\n<style>\n#image_115131037 {\n  width: 100%;\n}\n<\/style>\n\t<\/div>\n\t\n\t\t<\/div>\n\t\t\n<style>\n#col-1161323259 > .col-inner {\n  padding: 20px 20px 20px 20px;\n}\n<\/style>\n\t<\/div>\n\n\t\n<\/div>\n\t\t<\/div>\n\t\t\n<style>\n#col-806183664 > .col-inner {\n  margin: 0px 0px -8px 0px;\n}\n@media (min-width:550px) {\n  #col-806183664 > .col-inner {\n    margin: 0px 0px -33px 0px;\n  }\n}\n<\/style>\n\t<\/div>\n\n\t\n<\/div>\n<div class=\"row\"  id=\"row-1621236767\">\n\n\t<div id=\"col-1866149783\" class=\"col small-12 large-12\"  >\n\t\t<div class=\"col-inner\"  >\n\t\t\t\n\t\t\t\n<h2>Tellimuse t\u00fchistamine ja toote tagastamine<\/h2>\n\t<div class=\"img has-hover x md-x lg-x y md-y lg-y\" id=\"image_1335858308\">\n\t\t\t\t\t\t\t\t<div class=\"img-inner dark\" >\n\t\t\t<img loading=\"lazy\" decoding=\"async\" width=\"1020\" height=\"1020\" src=\"https:\/\/ahvenfishing.ee\/wp-content\/uploads\/2021\/03\/Vector.svg\" class=\"attachment-large size-large\" alt=\"\" srcset=\"https:\/\/ahvenfishing.ee\/wp-content\/uploads\/\/2021\/03\/Vector.svg 150w, https:\/\/ahvenfishing.ee\/wp-content\/uploads\/\/2021\/03\/Vector.svg 300w, https:\/\/ahvenfishing.ee\/wp-content\/uploads\/\/2021\/03\/Vector.svg 1024w\" sizes=\"auto, (max-width: 1020px) 100vw, 1020px\" \/>\t\t\t\t\t\t\n\t\t\t\t\t<\/div>\n\t\t\t\t\t\t\t\t\n<style>\n#image_1335858308 {\n  width: 15%;\n}\n@media (min-width:550px) {\n  #image_1335858308 {\n    width: 5%;\n  }\n}\n<\/style>\n\t<\/div>\n\t\n<p>Peale toodete k\u00e4ttesaamist on toodetega tutvumiseks aega 14 p\u00e4eva. Kui ostetud kaup mingil p\u00f5hjusel ei sobi, on 14 p\u00e4eva jooksul v\u00f5imalus toode tagastada v\u00f5i v\u00e4lja vahetada muu toote vastu.<\/p>\n<p>Taganemise saab teostada j\u00e4rgmiselt:<\/p>\n<ul>\n<li>Tooge eelneva kokkuleppe alusel kaup AHVEN, Pae 20, Lasnama\u0308e, 11414 Tallinn<\/li>\n<li>Eedastage vabas vormis taganemisavaldus e-postile info@ahvenfishing.ee<\/li>\n<li>Tellimuse t\u00fchistamisel v\u00f5i tellimusest taganemise korral tagastatakse ostu eest tasutud summa, millest Ostja kannab toote lattu saatmisega seotud kulutused. Raha kantakse tagastatud toote eest tagasi arveldusarvele hiljemalt 30 p\u00e4eva jooksul alates taganemisteate esitamisest.<\/li>\n<\/ul>\n<p>Tagastatav toode peab olema pakendis ja kasutamata ning sisaldama k\u00f5iki tootepakendis sisaldunud esemeid.<\/p>\n<p>Kui tagastatava v\u00f5i asendatava toote puhul on tuvastatavad kasutamise j\u00e4ljed, on m\u00fc\u00fcjal \u00f5igus keelduda toote asendamisest v\u00f5i raha tagastamisest.<\/p>\n\t<div id=\"gap-771325246\" class=\"gap-element clearfix\" style=\"display:block; height:auto;\">\n\t\t\n<style>\n#gap-771325246 {\n  padding-top: 34px;\n}\n@media (min-width:550px) {\n  #gap-771325246 {\n    padding-top: 40px;\n  }\n}\n<\/style>\n\t<\/div>\n\t\n<h2>Toote \u00fcmbervahetamine<\/h2>\n\t<div class=\"img has-hover x md-x lg-x y md-y lg-y\" id=\"image_608231302\">\n\t\t\t\t\t\t\t\t<div class=\"img-inner dark\" >\n\t\t\t<img loading=\"lazy\" decoding=\"async\" width=\"1020\" height=\"1020\" src=\"https:\/\/ahvenfishing.ee\/wp-content\/uploads\/2021\/03\/Vector.svg\" class=\"attachment-large size-large\" alt=\"\" srcset=\"https:\/\/ahvenfishing.ee\/wp-content\/uploads\/\/2021\/03\/Vector.svg 150w, https:\/\/ahvenfishing.ee\/wp-content\/uploads\/\/2021\/03\/Vector.svg 300w, https:\/\/ahvenfishing.ee\/wp-content\/uploads\/\/2021\/03\/Vector.svg 1024w\" sizes=\"auto, (max-width: 1020px) 100vw, 1020px\" \/>\t\t\t\t\t\t\n\t\t\t\t\t<\/div>\n\t\t\t\t\t\t\t\t\n<style>\n#image_608231302 {\n  width: 15%;\n}\n@media (min-width:550px) {\n  #image_608231302 {\n    width: 5%;\n  }\n}\n<\/style>\n\t<\/div>\n\t\n<p>Kui toode mingil p\u00f5hjusel ei sobi, saab selle soovi korral vahetada teise toote vastu eeldusel, et soovitav kaup on laos olemas. K\u00f5ik kauba vahetamisega seotud kulud tasub Ostja.<\/p>\n\t\t<\/div>\n\t\t\t<\/div>\n\n\t\n<\/div>\n\t<div id=\"gap-117940865\" class=\"gap-element clearfix\" style=\"display:block; height:auto;\">\n\t\t\n<style>\n#gap-117940865 {\n  padding-top: 34px;\n}\n@media (min-width:550px) {\n  #gap-117940865 {\n    padding-top: 41px;\n  }\n}\n<\/style>\n\t<\/div>\n\t\n\t\t<\/div>\n\n\t\t\n<style>\n#section_1996483059 {\n  padding-top: 0px;\n  padding-bottom: 0px;\n}\n<\/style>\n\t<\/section>\n\t\n","protected":false},"excerpt":{"rendered":"","protected":false},"author":2,"featured_media":0,"parent":0,"menu_order":0,"comment_status":"closed","ping_status":"closed","template":"page-blank.php","meta":{"footnotes":""},"class_list":["post-1706","page","type-page","status-publish","hentry"],"_links":{"self":[{"href":"https:\/\/ahvenfishing.ee\/et\/wp-json\/wp\/v2\/pages\/1706","targetHints":{"allow":["GET"]}}],"collection":[{"href":"https:\/\/ahvenfishing.ee\/et\/wp-json\/wp\/v2\/pages"}],"about":[{"href":"https:\/\/ahvenfishing.ee\/et\/wp-json\/wp\/v2\/types\/page"}],"author":[{"embeddable":true,"href":"https:\/\/ahvenfishing.ee\/et\/wp-json\/wp\/v2\/users\/2"}],"replies":[{"embeddable":true,"href":"https:\/\/ahvenfishing.ee\/et\/wp-json\/wp\/v2\/comments?post=1706"}],"version-history":[{"count":3,"href":"https:\/\/ahvenfishing.ee\/et\/wp-json\/wp\/v2\/pages\/1706\/revisions"}],"predecessor-version":[{"id":7054,"href":"https:\/\/ahvenfishing.ee\/et\/wp-json\/wp\/v2\/pages\/1706\/revisions\/7054"}],"wp:attachment":[{"href":"https:\/\/ahvenfishing.ee\/et\/wp-json\/wp\/v2\/media?parent=1706"}],"curies":[{"name":"wp","href":"https:\/\/api.w.org\/{rel}","templated":true}]}}