{"id":1709,"date":"2021-03-14T19:45:24","date_gmt":"2021-03-14T17:45:24","guid":{"rendered":"https:\/\/ahven.preview.ee\/konfidencialnost\/"},"modified":"2021-04-28T17:41:14","modified_gmt":"2021-04-28T14:41:14","slug":"privatsuspoliitika","status":"publish","type":"page","link":"https:\/\/ahvenfishing.ee\/et\/privatsuspoliitika\/","title":{"rendered":"Privatsuspoliitika"},"content":{"rendered":"\t<section class=\"section\" id=\"section_28548103\">\n\t\t<div class=\"bg section-bg fill bg-fill  bg-loaded\" >\n\n\t\t\t\n\t\t\t\n\t\t\t\n\n\t\t<\/div>\n\n\t\t<div class=\"section-content relative\">\n\t\t\t\n\t<div id=\"gap-1437865239\" class=\"gap-element clearfix\" style=\"display:block; height:auto;\">\n\t\t\n<style>\n#gap-1437865239 {\n  padding-top: 32px;\n}\n@media (min-width:550px) {\n  #gap-1437865239 {\n    padding-top: 61px;\n  }\n}\n<\/style>\n\t<\/div>\n\t\n<div class=\"row\"  id=\"row-304505782\">\n\n\t<div id=\"col-805720685\" class=\"col small-12 large-12\"  >\n\t\t<div class=\"col-inner\"  >\n\t\t\t\n\t\t\t\n<h2>Privatsuspoliitika<\/h2>\n\t<div class=\"img has-hover x md-x lg-x y md-y lg-y\" id=\"image_364026640\">\n\t\t\t\t\t\t\t\t<div class=\"img-inner dark\" >\n\t\t\t<img loading=\"lazy\" decoding=\"async\" width=\"1020\" height=\"1020\" src=\"https:\/\/ahvenfishing.ee\/wp-content\/uploads\/2021\/03\/Vector.svg\" class=\"attachment-large size-large\" alt=\"\" srcset=\"https:\/\/ahvenfishing.ee\/wp-content\/uploads\/\/2021\/03\/Vector.svg 150w, https:\/\/ahvenfishing.ee\/wp-content\/uploads\/\/2021\/03\/Vector.svg 300w, https:\/\/ahvenfishing.ee\/wp-content\/uploads\/\/2021\/03\/Vector.svg 1024w\" sizes=\"auto, (max-width: 1020px) 100vw, 1020px\" \/>\t\t\t\t\t\t\n\t\t\t\t\t<\/div>\n\t\t\t\t\t\t\t\t\n<style>\n#image_364026640 {\n  width: 15%;\n}\n@media (min-width:550px) {\n  #image_364026640 {\n    width: 5%;\n  }\n}\n<\/style>\n\t<\/div>\n\t\n<p>K\u00f5ik Ahven e-poe tellimise ning ostude sooritamise k\u00e4igus teatavaks saanud personaalsed andmed k\u00e4sitletakse kui konfidentsiaalset infot. Ettev\u00f5te EVGENY SOLOVIEV FIE, <a href=\"http:\/\/reg.nr\/\" target=\"_blank\" rel=\"nofollow noopener noreferrer\">reg.nr<\/a> 11606220, <span class=\"mapMarker\">Kihnu tn 10-3, 13913 Harjumaa, Tallinn linn, Eesti <\/span>kohustub mitte avaldama kliendi isikuandmeid kolmandatele osapooltele. Ettev\u00f5te kasutab Kliendi persionaalseid andmeid tellitud toodete saatmiseks kliendile v\u00f5i tellimustega seotud k\u00fcsimuste korral.<\/p>\n<p><strong>E-postile saadetud teavitused<\/strong><\/p>\n<ul>\n<li>Ettev\u00f5tte v\u00f5ib saata kliendi e-maili peale ainult Ahven e-poega seotud uudiseid ja reklaammaterjali, andes kliendile v\u00f5imaluse \u00fcheselt ja lihtsalt vastavatest teavitustest loobuda. Kui klient on teavitanud, et ei soovi enam teavitusi, siis Ahven ei tohi ka vastavaid teateid enam kliendile saata.<\/li>\n<li>Kliendi j\u00e4etud tagasisidet v\u00f5ib Ahven e-pood kasutada reklaami eesm\u00e4rkidel ainult siis, kui klient on selleks n\u00f5usoleku andnud.<\/li>\n<li>Kliendil on \u00f5igus n\u00f5uda oma andmete kustutamist ettev\u00f5tte andmebaasist.<\/li>\n<li>K\u00fcsimuste korral v\u00f5tke \u00fchendust meie klienditoega.<\/li>\n<\/ul>\n\t\t<\/div>\n\t\t\t<\/div>\n\n\t\n<\/div>\n\t<div id=\"gap-1717823076\" class=\"gap-element clearfix\" style=\"display:block; height:auto;\">\n\t\t\n<style>\n#gap-1717823076 {\n  padding-top: 0px;\n}\n@media (min-width:550px) {\n  #gap-1717823076 {\n    padding-top: 30px;\n  }\n}\n<\/style>\n\t<\/div>\n\t\n\t\t<\/div>\n\n\t\t\n<style>\n#section_28548103 {\n  padding-top: 0px;\n  padding-bottom: 0px;\n}\n<\/style>\n\t<\/section>\n\t\n","protected":false},"excerpt":{"rendered":"","protected":false},"author":2,"featured_media":0,"parent":0,"menu_order":0,"comment_status":"closed","ping_status":"closed","template":"page-blank.php","meta":{"footnotes":""},"class_list":["post-1709","page","type-page","status-publish","hentry"],"_links":{"self":[{"href":"https:\/\/ahvenfishing.ee\/et\/wp-json\/wp\/v2\/pages\/1709","targetHints":{"allow":["GET"]}}],"collection":[{"href":"https:\/\/ahvenfishing.ee\/et\/wp-json\/wp\/v2\/pages"}],"about":[{"href":"https:\/\/ahvenfishing.ee\/et\/wp-json\/wp\/v2\/types\/page"}],"author":[{"embeddable":true,"href":"https:\/\/ahvenfishing.ee\/et\/wp-json\/wp\/v2\/users\/2"}],"replies":[{"embeddable":true,"href":"https:\/\/ahvenfishing.ee\/et\/wp-json\/wp\/v2\/comments?post=1709"}],"version-history":[{"count":5,"href":"https:\/\/ahvenfishing.ee\/et\/wp-json\/wp\/v2\/pages\/1709\/revisions"}],"predecessor-version":[{"id":5333,"href":"https:\/\/ahvenfishing.ee\/et\/wp-json\/wp\/v2\/pages\/1709\/revisions\/5333"}],"wp:attachment":[{"href":"https:\/\/ahvenfishing.ee\/et\/wp-json\/wp\/v2\/media?parent=1709"}],"curies":[{"name":"wp","href":"https:\/\/api.w.org\/{rel}","templated":true}]}}