{"id":1712,"date":"2021-03-14T19:48:11","date_gmt":"2021-03-14T17:48:11","guid":{"rendered":"https:\/\/ahven.preview.ee\/uslovija\/"},"modified":"2021-04-28T17:21:55","modified_gmt":"2021-04-28T14:21:55","slug":"tingimused","status":"publish","type":"page","link":"https:\/\/ahvenfishing.ee\/et\/tingimused\/","title":{"rendered":"Tingimused"},"content":{"rendered":"\t<section class=\"section\" id=\"section_1901893551\">\n\t\t<div class=\"bg section-bg fill bg-fill  bg-loaded\" >\n\n\t\t\t\n\t\t\t\n\t\t\t\n\n\t\t<\/div>\n\n\t\t<div class=\"section-content relative\">\n\t\t\t\n\t<div id=\"gap-1488944727\" class=\"gap-element clearfix\" style=\"display:block; height:auto;\">\n\t\t\n<style>\n#gap-1488944727 {\n  padding-top: 32px;\n}\n@media (min-width:550px) {\n  #gap-1488944727 {\n    padding-top: 61px;\n  }\n}\n<\/style>\n\t<\/div>\n\t\n<div class=\"row\"  id=\"row-1662525447\">\n\n\t<div id=\"col-699535394\" class=\"col small-12 large-12\"  >\n\t\t<div class=\"col-inner\"  >\n\t\t\t\n\t\t\t\n<h2>Tingimused<\/h2>\n\t<div class=\"img has-hover x md-x lg-x y md-y lg-y\" id=\"image_1243686222\">\n\t\t\t\t\t\t\t\t<div class=\"img-inner dark\" >\n\t\t\t<img loading=\"lazy\" decoding=\"async\" width=\"1020\" height=\"1020\" src=\"https:\/\/ahvenfishing.ee\/wp-content\/uploads\/2021\/03\/Vector.svg\" class=\"attachment-large size-large\" alt=\"\" srcset=\"https:\/\/ahvenfishing.ee\/wp-content\/uploads\/\/2021\/03\/Vector.svg 150w, https:\/\/ahvenfishing.ee\/wp-content\/uploads\/\/2021\/03\/Vector.svg 300w, https:\/\/ahvenfishing.ee\/wp-content\/uploads\/\/2021\/03\/Vector.svg 1024w\" sizes=\"auto, (max-width: 1020px) 100vw, 1020px\" \/>\t\t\t\t\t\t\n\t\t\t\t\t<\/div>\n\t\t\t\t\t\t\t\t\n<style>\n#image_1243686222 {\n  width: 15%;\n}\n@media (min-width:550px) {\n  #image_1243686222 {\n    width: 5%;\n  }\n}\n<\/style>\n\t<\/div>\n\t\n<p align=\"left\"><span style=\"font-family: Roboto;\"><span style=\"font-size: medium;\"><b>1. Tingimuste ulatus ja kehtivus<\/b><\/span><\/span><\/p>\n<p align=\"left\"><span style=\"font-size: medium;\"><span style=\"font-family: Roboto;\">1.1. Tingimused kehtivad k\u00f5ikide isikute ja ostukeskkonna ahvenishing.ee (edaspidi ahvenfishing.ee e-pood) omaniku EVGENY SOLOVIEV FIE vahel ahvenfishing.ee e-poe vahendusel kaupade ja teenuste ostmisel tekkivate \u00f5igussuhete kohta.<\/span><\/span><\/p>\n<p align=\"left\"><span style=\"font-size: medium;\"><span style=\"font-family: Roboto;\">1.2. Lisaks k\u00e4esolevatele tingimustele reguleerivad ahvenfishing.ee e-poe vahendusel kaupade ja teenuste ostmisel tekkivaid \u00f5igussuhteid Eesti Vabariigis kehtivad \u00f5igusaktid.<\/span><\/span><\/p>\n<p align=\"left\"><span style=\"font-size: medium;\"><span style=\"font-family: Roboto;\">1.3. Ahvenfishing.ee e-poe arengust tulenevalt ning e-poe parema ja turvalisema kasutamise huvides j\u00e4tab EVGENY SOLOVIEV FIE endale \u00f5iguse k\u00e4esolevaid tingimusi ja hinnakirja muuta ning t\u00e4iendada. Tingimuste ning hinnakirja muudatustest ja t\u00e4iendustest antakse teada veebilehe culturefishing.ee kaudu. Tingimuste ja hinnakirja muudatused ning t\u00e4iendused j\u00f5ustuvad vastava muudatuse v\u00f5i t\u00e4ienduse avaldamisest veebilehel culturefishing.ee. Kui edastasite oma tellimuse enne tingimuste muudatuste j\u00f5ustumist, kohaldatakse teie ja EVGENY SOLOVIEV FIE vahel tekkinud \u00f5igussuhtele tingimusi, mis kehtisid ajahetkel, mil teie oma tellimuse edastasite, v.a kui seaduses v\u00f5i k\u00e4esolevates tingimustes on ette n\u00e4htud teisiti.<\/span><\/span><\/p>\n<p align=\"left\"><span style=\"font-size: medium;\"><span style=\"font-family: Roboto;\">1.4. M\u00fc\u00fcja andmed:<\/span><\/span><\/p>\n<p align=\"left\"><span style=\"font-size: medium;\"><span style=\"font-family: Roboto;\">EVGENY SOLOVIEV FIE, <\/span><\/span><\/p>\n<p align=\"left\"><span style=\"font-size: medium;\"><span style=\"font-family: Roboto;\">Registrikood. 11606220<\/span><\/span><\/p>\n<p align=\"left\"><span style=\"font-size: medium;\"><span style=\"font-family: Roboto;\">\u0410\u0434\u0440\u0435\u0441: Pae 20, Lasnama\u0308e, 11414 Tallinn, Eesti<\/span><\/span><\/p>\n<p align=\"left\"><span style=\"font-size: medium;\"><span style=\"font-family: Roboto;\">\u0422\u0435\u043b. + 372 5517178<\/span><\/span><\/p>\n<p align=\"left\"><span style=\"font-family: Roboto;\"><span style=\"font-size: medium;\">Email: info@ahvenfishing.ee<\/span><\/span><\/p>\n<p align=\"left\"><span style=\"font-family: Roboto;\"><span style=\"font-size: medium;\"><b>2. Hinnainfo<\/b><\/span><\/span><\/p>\n<p align=\"left\"><span style=\"font-size: medium;\"><span style=\"font-family: Roboto;\">2.1. ahvenfishing.ee e-poe hinnad kehtivad arve t\u00e4htajalise tasumise puhul vastavalt punktis 4 s\u00e4testatule.<\/span><\/span><\/p>\n<p align=\"left\"><span style=\"font-size: medium;\"><span style=\"font-family: Roboto;\">2.2. K\u00f5ik e-poes toodud hinnad on eurodes ja sisaldavad Eesti Vabariigis kehtivat k\u00e4ibemaksu 20%.<\/span><\/span><\/p>\n<p align=\"left\"><span style=\"font-size: medium;\"><span style=\"font-family: Roboto;\">2.3. Kauba hinnale lisandub kohaletoimetamistasu vastavalt tellimuse vormistamise k\u00e4igus valitud tarneviisile.<\/span><\/span><\/p>\n<p align=\"left\"><span style=\"font-size: medium;\"><span style=\"font-family: Roboto;\">2.4. Ahvenfishing.ee e-poes toodud hinnad kehtivad ainult ahvenfishing.ee e-poes.<\/span><\/span><\/p>\n<p align=\"left\"><span style=\"font-size: medium;\"><b><span style=\"font-family: Roboto;\"><span style=\"font-family: Times New Roman, serif;\">3. Tooted<\/span><\/span><\/b><\/span><\/p>\n<p align=\"left\"><span style=\"font-size: medium;\"><span style=\"font-family: Roboto;\"><span style=\"font-family: Times New Roman, serif;\">3.1. E-poes kuvatavad tooted on reeglina laos olemas. Nende toodete saadavus ei ole garanteeritud, kuna tegemist v\u00f5ib olla programmi tehnilisest t\u00f5rkest tingitud eksimusega.<\/span><\/span><\/span><\/p>\n<p align=\"left\"><span style=\"font-size: medium;\"><span style=\"font-family: Roboto;\"><span style=\"font-family: Times New Roman, serif;\">3.2. Kui klient esitab tellimuse, kuid ilmneb, et antud toode m\u00fc\u00fcjal puudub, ei ole e-poel v\u00f5imalik antud tellimust t\u00e4ita. Sel juhul tagastatakse kliendile kogu ostusumma peale toote puudumise selgumist.<\/span><\/span><\/span><\/p>\n<p align=\"left\"><span style=\"font-size: medium;\"><span style=\"font-family: Roboto;\"><span style=\"font-family: Times New Roman, serif;\">3.3. E-poes on toodete pildid illustratiivse t\u00e4hendusega ning v\u00f5ivad teatud m\u00e4\u00e4ral tegelikkusest erineda.<\/span><\/span><\/span><\/p>\n<p align=\"left\"><span style=\"font-size: medium;\"><b><span style=\"font-family: Roboto;\"><span style=\"font-family: Times New Roman, serif;\">4. Tellimuse vormistamine<\/span><\/span><\/b><\/span><\/p>\n<p align=\"left\"><span style=\"font-size: medium;\"><span style=\"font-family: Roboto;\"><span style=\"font-family: Times New Roman, serif;\">4.1. Ahvemfishing.ee e-poes saab oste sooritada kiiresti ja mugavalt kasutades lihtsat elektroonilist tellimisvormi. Huvipakkuva kauba leidmiseks tuleb kasutada tootekataloogi v\u00f5i otsingumootorit. Vajaliku toote ostukorvi lisamiseks tuleb kl\u00f5psata nuppu \u201eLisa ostukorvi\u201c. \u00dclemises nurgas kuvatakse korvis olevate toodete kogust ja ostu summat. Vajutades ostukorvile v\u00f5ib valitud kaupa vaadata ja kontrollida.<\/span><\/span><\/span><\/p>\n<p align=\"left\"><span style=\"font-size: medium;\"><span style=\"font-family: Roboto;\"><span style=\"font-family: Times New Roman, serif;\">4.2. Tellimuse vormistamiseks tuleb suunduda ostukorvi lehele: men\u00fc\u00fcribal ostukorvi valikus tuleb kl\u00f5psata nuppu \u201eEdasi maksma\u201c, misj\u00e4rel suunatakse klient tellimuse vormistamise lehele.<\/span><\/span><\/span><\/p>\n<p align=\"left\"><span style=\"font-size: medium;\"><span style=\"font-family: Roboto;\"><span style=\"font-family: Times New Roman, serif;\">4.3. P\u00e4rast n\u00f5utud andmete sisestamist ja andmete \u00f5igsuse kontrollimist kinnitatakse tellimus klikkides \u201eKinnitan ja maksan\u201c. Peale antud tegevust on tellimus kinnitatud ja m\u00fc\u00fcjale edastatud.<\/span><\/span><\/span><\/p>\n<p align=\"left\"><span style=\"font-size: medium;\"><span style=\"font-family: Roboto;\"><span style=\"font-family: Times New Roman, serif;\">4.4. Toodete eest saab kohe tasuda internetipanga pangalingi vahendusel. P\u00e4rast makse sooritamist tuleb kindlasti kinnitada m\u00fc\u00fcjale makse klikkides nupul \u201cTagasi kaupmehe juurde\u201d.<\/span><\/span><\/span><\/p>\n<p align=\"left\"><span style=\"font-size: medium;\"><span style=\"font-family: Roboto;\"><span style=\"font-family: Times New Roman, serif;\">4.5. P\u00e4rast toodete eest tasumist saadab e-pood kliendi e-posti tellimuse kinnituse.<\/span><\/span><\/span><\/p>\n<p align=\"left\"><span style=\"font-size: medium;\"><span style=\"font-family: Roboto;\"><span style=\"font-family: Times New Roman, serif;\">4.6. Klient kohustub tellimuse vormistamisel esitama tellimuse t\u00e4itmiseks vajalikud t\u00f5esed andmed.<\/span><\/span><\/span><\/p>\n<p align=\"left\"><span style=\"font-size: medium;\"><span style=\"font-family: Roboto;\"><span style=\"font-family: Times New Roman, serif;\">4.7. M\u00fc\u00fcja ei vastuta tellimuse t\u00e4itmisel kliendi poolt esitatud ebakorrektsetest andmetest tingitud t\u00e4itmise v\u00f5imatuse v\u00f5i mistahes sellest tulenevate tagaj\u00e4rgede eest.<\/span><\/span><\/span><\/p>\n<p align=\"left\"><span style=\"font-size: medium;\"><span style=\"font-family: Roboto;\"><span style=\"font-family: Times New Roman, serif;\">4.8. M\u00fc\u00fcjal on \u00f5igus loobuda tellimuse t\u00e4itmisest, kui tekib kahtlus m\u00fc\u00fcjale esitatud andmete \u00f5igsuses ning heale tavale mittevastava k\u00e4itumise puhul.<\/span><\/span><\/span><\/p>\n<p align=\"left\"><span style=\"font-size: medium;\"><b><span style=\"font-family: Roboto;\"><span style=\"font-family: Times New Roman, serif;\">5. Makseviisid <\/span><\/span><\/b><\/span><\/p>\n<p align=\"left\"><span style=\"font-size: medium;\"><span style=\"font-family: Roboto;\"><span style=\"font-family: Times New Roman, serif;\">5.1. Swedbank, SEB, LHV, COOP v\u00f5i Citadele kasutajad saavad makseid teha pangalingiga.<\/span><\/span><\/span><\/p>\n<p align=\"left\"><span style=\"font-size: medium;\"><span style=\"font-family: Roboto;\"><span style=\"font-family: Times New Roman, serif;\">5.2. M\u00fc\u00fcjal puudub ligip\u00e4\u00e4s kliendi pangaandmetele ja krediitkaardi andmetele.<\/span><\/span><\/span><\/p>\n<p align=\"left\"><span style=\"font-size: medium;\"><span style=\"font-family: Roboto;\"><span lang=\"en-US\"><span style=\"font-family: Times New Roman, serif;\">5<\/span><\/span><\/span><span style=\"font-family: Roboto;\">.3. Teie tellimus t\u00fchistatakse juhul, kui Te ei ole etten\u00e4htud aja jooksul ostusummat tasunud.<\/span><\/span><\/p>\n<p align=\"left\"><span style=\"font-size: medium;\"><span style=\"font-family: Roboto;\"><span lang=\"en-US\"><span style=\"font-family: Times New Roman, serif;\">5<\/span><\/span><\/span><span style=\"font-family: Roboto;\">.4. Tellimus vormistatakse ja tarnitakse 100%-se ettemakse puhul.<\/span><\/span><\/p>\n<p align=\"left\"><span style=\"font-family: Roboto;\"><span style=\"font-size: medium;\"><b>6. Tellimuse kohaletoimetamine ja k\u00e4ttesaamine<\/b><\/span><\/span><\/p>\n<p align=\"left\"><span style=\"font-family: Roboto;\"><span style=\"font-size: medium;\">6.1. Tellimusele on v\u00f5imalik ise j\u00e4rgi tulla kauplusesse AHVEN Pae 20, Lasnama\u0308e, 11414 Tallinn, Eesti. See tuleks eelnevalt koosk\u00f5lastada kasutades \u00fclaltoodud kontaktandmeid ning edastada soovitud toodete nimekiri.<\/span><\/span><\/p>\n<p align=\"left\"><span style=\"font-family: Roboto;\"><span style=\"font-size: medium;\">6.2. Eesti piires on v\u00f5imalikud j\u00e4rgmised saatmisviisid:<\/span><\/span><\/p>\n<p align=\"left\"><span style=\"font-family: Roboto;\"><span style=\"font-size: medium;\">pakiautomaat \u2013 Itella, Omniva.<\/span><\/span><\/p>\n<p align=\"left\"><span style=\"font-family: Roboto;\"><span style=\"font-size: medium;\">kuller \u2013 Itella, Omniva.<\/span><\/span><\/p>\n<p align=\"left\"><span style=\"font-family: Roboto;\"><span style=\"font-size: medium;\">postkontor \u2013 Omniva<\/span><\/span><\/p>\n<p align=\"left\"><span style=\"font-family: Roboto;\"><span style=\"font-size: medium;\">6.3. Tellimuse tarneaeg on Eesti piires kuni 2-3 t\u00f6\u00f6p\u00e4eva ning v\u00e4lismaale 1-3 n\u00e4dalat.<\/span><\/span><\/p>\n<p align=\"left\"><span style=\"font-family: Roboto;\"><span style=\"font-size: medium;\">6.4. Tellimus pannakse teele p\u00e4rast makse laekumist e-poe kontole 100% ulatuses.<\/span><\/span><\/p>\n<p align=\"left\"><span style=\"font-family: Roboto;\"><span style=\"font-size: medium;\">6.5. Kui tellimus on esitatud n\u00e4dalavahetustel v\u00f5i p\u00fchade ajal, algab tellimuse saatmise t\u00e4htaja arvestamine n\u00e4dalavahetusele v\u00f5i p\u00fchadele j\u00e4rgnevast esimesest t\u00f6\u00f6p\u00e4evast kella 10:00 (kohaliku aja j\u00e4rgi).<\/span><\/span><\/p>\n<p align=\"left\"><span style=\"font-family: Roboto;\"><span style=\"font-size: medium;\">6.6. Tellimuse kinnituses n\u00e4idatud tarneaeg on kehtiv, kui tellimuse p\u00e4eval maksti 100% tellimuse summast.<\/span><\/span><\/p>\n<p align=\"left\"><span style=\"font-family: Roboto;\"><span style=\"font-size: medium;\">6.7. V\u00e4ltimaks viivitusi ja arusaamatusi tellimuse kohaletoimetamisel palume tellimuse vormistamisel veenduda, et esitatavad kontaktandmed oleksid \u00f5iged. Ahvenfishing.ee (EVGENY SOLOVIEV FIE) ja kuller ei vastuta toodete kohaletoimetamise viivituse ja tekkinud arusaamatuste eest juhul, kui viivitus v\u00f5i arusaamatus on tingitud teie poolt tellimuse vormistamisel esitatud andmete ebat\u00e4psusest v\u00f5i eba\u00f5igsusest.<\/span><\/span><\/p>\n<p align=\"left\"><span style=\"font-family: Roboto;\"><span style=\"font-size: medium;\">6.8. Kui tegemist on erim\u00f5\u00f5tmelise (n\u00e4iteks ridvad) v\u00f5i eriti raske kauba (n\u00e4iteks mootor, paat) tellimisega, tuleb saatmisviisid ja saatmiskulud eraldi kokku leppida. Sellise kauba saatmiskulud on suuremad ning hinnalisa kehtestatakse vastavalt kullerfirma hinnakirjale.<\/span><\/span><\/p>\n<p align=\"left\"><span style=\"font-family: Roboto;\"><span style=\"font-size: medium;\">6.9. Transpordihinna muutumisel teavitame sellest klienti eraldi.<\/span><\/span><\/p>\n<p align=\"left\"><span style=\"font-family: Roboto;\"><span style=\"font-size: medium;\">6.10. Ahvenfishing.ee on kohustatud klienti tarneaja muutumisest teavitama esimesel v\u00f5imalusel p\u00e4rast teabe saamist, teavitades klienti tellimuses m\u00e4\u00e4ratud e-posti teel.<\/span><\/span><\/p>\n<p align=\"left\"><span style=\"font-family: Roboto;\"><span style=\"font-size: medium;\">6.11. Klient peab e-poodi ahvenfishing.ee teavitama sihtkoha v\u00f5i kokkulepitud aja muutumisest enne tellimuse postitamist e-poe poolt.<\/span><\/span><\/p>\n<p align=\"left\"><span style=\"font-family: Roboto;\"><span style=\"font-size: medium;\">6.12. Kaupu tarnitakse osade kaupa, kui tooteinfo ei viita sellele, et toode on kokku pandud.<\/span><\/span><\/p>\n<p align=\"left\"><span style=\"font-family: Roboto;\"><span style=\"font-size: medium;\">6.13. P\u00e4rast tellimuse saamist ja komplekteerimist ahvenfishing.ee laos edastatakse pakk transporditeenuse pakkujale ja toimetatakse tellimuses m\u00e4rgitud tarneaadressile.<\/span><\/span><\/p>\n<p align=\"left\"><span style=\"font-family: Roboto;\"><span style=\"font-size: medium;\">6.14. Kahjustatud kaubad tuleb kliendil saata tagasi aadressile <\/span><\/span><span style=\"font-size: medium;\"><span style=\"font-family: Roboto;\">Pae 20, Lasnama\u0308e, 11414 Tallinn<\/span><\/span><span style=\"font-family: Roboto;\"><span style=\"font-size: medium;\">, Eesti 14 t\u00f6\u00f6p\u00e4eva jooksul. Teave kahjustuste kohta, fotod ja kirjeldused tuleb saata aadressile <\/span><\/span><span style=\"font-family: Roboto;\"><span style=\"font-size: medium;\">\u2026\u2026\u2026\u2026\u2026<\/span><\/span><\/p>\n<p align=\"left\"><span style=\"font-family: Roboto;\"><span style=\"font-size: medium;\"><b>7. Tellimuse tagastamine ja \u00fcmbervahetamine<\/b><\/span><\/span><\/p>\n<p align=\"left\"><span style=\"font-family: Roboto;\"><span style=\"font-size: medium;\">7.1. Kliendil on \u00f5igus tellimusest p\u00f5hjust avaldamata 14 p\u00e4eva jooksul taganeda ja tellitud toode\/tooted \u00fcmber vahetada v\u00f5i tagastada. Nimetatud 14 p\u00e4evane t\u00e4htaeg algab hetkest, mil klient tellimuse k\u00e4tte saab.<\/span><\/span><\/p>\n<p align=\"left\"><span style=\"font-family: Roboto;\"><span style=\"font-size: medium;\">7.2. Taganemisavaldus tuleb esitada m\u00fc\u00fcjale 14 p\u00e4eva jooksul alates kauba k\u00e4ttesaamisest. Kauba tagastamine \/ asendamine peab toimuma koos taganemisavaldusega. Taganemise saab teostada j\u00e4rgmiselt:<\/span><\/span><\/p>\n<p align=\"left\">\u2022 <span style=\"font-family: Roboto;\"><span style=\"font-size: medium;\">tooge eelneva kokkuleppe alusel kaup Ahven kauplusesse (Pae 20, Lasnama\u0308e, 11414 Tallinn, Eesti)<\/span><\/span><\/p>\n<p align=\"left\">\u2022 <span style=\"font-family: Roboto;\"><span style=\"font-size: medium;\">edastage vabas vormis taganemisavaldus e-postile info@ahvenfishing.ee<\/span><\/span><\/p>\n<p align=\"left\">\u2022 <span style=\"font-family: Roboto;\"><span style=\"font-size: medium;\">kasutage meie veebilehel Kontaktide osas olevat vormi \u201cKirjutage meile\u201d.<\/span><\/span><\/p>\n<p align=\"left\"><span style=\"font-family: Roboto;\"><span style=\"font-size: medium;\">7.3. Klient peab kauba tagastama avalduse esitamisele j\u00e4rgneva 14 p\u00e4eva jooksul v\u00f5i esitama t\u00f5endi, et ta on eelnimetatud perioodi jooksul kauba \u00fcle andnud transpordifirmale. M\u00fc\u00fcjal on \u00f5igus keelduda tagasimaksete tegemisest seni, kuni on tagastamisele kuuluva kauba tagasi saanud.<\/span><\/span><\/p>\n<p align=\"left\"><span style=\"font-family: Roboto;\"><span style=\"font-size: medium;\">7.4. Asendamisele v\u00f5i tagastamisele kuuluvad tooted ei tohi olla kahjustatud ega vigastatud. Toode peab olema originaalpakendis ja sellel peavad olema k\u00f5ik originaalsildid. Kui tagastatava v\u00f5i asendatava toote puhul on tuvastatavad kasutamise j\u00e4ljed, on m\u00fc\u00fcjal \u00f5igus keelduda toote asendamisest v\u00f5i raha tagastamisest.<\/span><\/span><\/p>\n<p align=\"left\"><span style=\"font-family: Roboto;\"><span style=\"font-size: medium;\">7.5. Klient on kohustatud toote pakendit alati ettevaatlikult seda kahjustamata avama. <\/span><\/span><\/p>\n<p align=\"left\"><span style=\"font-family: Roboto;\"><span style=\"font-size: medium;\">7.6. Tellitud tooteid ei ole v\u00f5imalik tagastada, kui need on valmistatud arvestades kliendi personaalseid vajadusi v\u00f5i kliendi esitatud tingimuste kohaselt.<\/span><\/span><\/p>\n<p align=\"left\"><span style=\"font-family: Roboto;\"><span style=\"font-size: medium;\">7.7. Tellimusest taganemisel tagastab m\u00fc\u00fcja kliendile ostu eest tasutud summa, millest klient kannab toote lattu saatmisega seotud kulud.<\/span><\/span><\/p>\n<p align=\"left\"><span style=\"font-family: Roboto;\"><span style=\"font-size: medium;\">7.8. Tagasimakse teostatakse kliendi pangakontole hiljemalt 7 t\u00f6\u00f6p\u00e4eva jooksul alates kauba k\u00e4ttesaamisest m\u00fc\u00fcja poolt. <\/span><\/span><\/p>\n<p align=\"left\"><span style=\"font-family: Roboto;\"><span style=\"font-size: medium;\"><b>8. Vastutus ja v\u00e4\u00e4ramatu j\u00f5ud<\/b><\/span><\/span><\/p>\n<p align=\"left\"><span style=\"font-family: Roboto;\"><span style=\"font-size: medium;\">8.1. Ahvenfishing.ee (EVGENY SOLOVIEV FIE) vastutab kliendi ees ja klient vastutab ahvenfishing.ee (EVGENY SOLOVIEV FIE) ees teisele poolele k\u00e4esolevate tingimuste rikkumisega tekitatud kahju eest Eesti Vabariigis kehtivates \u00f5igusaktides s\u00e4testatud juhtudel ja ulatuses.<\/span><\/span><\/p>\n<p align=\"left\"><span style=\"font-family: Roboto;\"><span style=\"font-size: medium;\">8.2. Ahvenfishing.ee (EVGENY SOLOVIEV FIE) ei vastuta kliendile tekitatud kahjude eest v\u00f5i tellimuse kohaletoimetamise viibimise eest juhul, kui kahju v\u00f5i toote kohaletoomise viibimine on tingitud asjaolust, mida Ahvenfishing.ee (EVGENY SOLOVIEV FIE) ei saanud m\u00f5jutada ning mille saabumist Ahvenfishing.ee (EVGENY SOLOVIEV FIE) ei n\u00e4inud ette ega v\u00f5inud ette n\u00e4ha (v\u00e4\u00e4ramatu j\u00f5ud).<\/span><\/span><\/p>\n<p align=\"left\"><span style=\"font-family: Roboto;\"><span style=\"font-size: medium;\"><b>9. Muud tingimused<\/b><\/span><\/span><\/p>\n<p align=\"left\"><span style=\"font-family: Roboto;\"><span style=\"font-size: medium;\">9.1. K\u00f5iki Ahven e-poe k\u00fclastamise ja ostude sooritamise k\u00e4igus teatavaks saanud kliendi isikuandmeid k\u00e4sitletakse kui konfidentsiaalset infot. Kr\u00fcptitud andmesidekanal pankadega tagab ostu sooritaja isikuandmete ja pangarekvisiitide turvalisuse. Ka Ahvenfishing.ee puudub neile juurdep\u00e4\u00e4s.<\/span><\/span><\/p>\n<p align=\"left\"><span style=\"font-family: Roboto;\"><span style=\"font-size: medium;\">9.2. K\u00e4esolevates tingimustes eraldi lahendamata k\u00fcsimustes l\u00e4htutakse Eesti Vabariigis kehtivatest \u00f5igusaktidest.<\/span><\/span><\/p>\n<p align=\"left\"><span style=\"font-family: Roboto;\"><span style=\"font-size: medium;\">9.3. Teie ja Ahvenfishing.ee e-poe vahendusel toodete ostmisega tekkinud vaidlused lahendatakse l\u00e4bir\u00e4\u00e4kimiste teel. Kokkuleppe mittesaavutamisel on Teil \u00f5igus p\u00f6\u00f6rduda oma \u00f5iguste kaitseks Tarbijakaitseametisse v\u00f5i Tallinna Linnakohtusse. Vaidluste lahendamisel l\u00e4htutakse Eesti Vabariigis kehtivatest \u00f5igusaktidest.<\/span><\/span><\/p>\n<p align=\"left\"><span style=\"font-family: Roboto;\"><span style=\"font-size: medium;\"><b>10. Lahti\u00fctlus<\/b><\/span><\/span><\/p>\n<p align=\"left\"><span style=\"font-family: Roboto;\"><span style=\"font-size: medium;\">10.1. Tootepildid on illustratiivse t\u00e4hendusega.<\/span><\/span><\/p>\n<p align=\"left\"><span style=\"font-family: Roboto;\"><span style=\"font-size: medium;\">10.2. Ahvenfishing.ee j\u00e4tab endale \u00f5iguse teha hindade osas muudatusi ning loobuda erandkorras m\u00fc\u00fcgist.<\/span><\/span><\/p>\n<p align=\"left\"><span style=\"font-family: Roboto;\"><span style=\"font-size: medium;\">10.3. Tooteinfot kontrollitakse ja t\u00e4iustatakse regulaarselt. Andmed v\u00f5ivad olla peale teie viimast k\u00fclastust uuenenud.<\/span><\/span><\/p>\n\t\t<\/div>\n\t\t\t<\/div>\n\n\t\n<\/div>\n\t<div id=\"gap-851116810\" class=\"gap-element clearfix\" style=\"display:block; height:auto;\">\n\t\t\n<style>\n#gap-851116810 {\n  padding-top: 0px;\n}\n@media (min-width:550px) {\n  #gap-851116810 {\n    padding-top: 30px;\n  }\n}\n<\/style>\n\t<\/div>\n\t\n\t\t<\/div>\n\n\t\t\n<style>\n#section_1901893551 {\n  padding-top: 0px;\n  padding-bottom: 0px;\n}\n<\/style>\n\t<\/section>\n\t\n","protected":false},"excerpt":{"rendered":"","protected":false},"author":2,"featured_media":0,"parent":0,"menu_order":0,"comment_status":"closed","ping_status":"closed","template":"page-blank.php","meta":{"footnotes":""},"class_list":["post-1712","page","type-page","status-publish","hentry"],"_links":{"self":[{"href":"https:\/\/ahvenfishing.ee\/et\/wp-json\/wp\/v2\/pages\/1712","targetHints":{"allow":["GET"]}}],"collection":[{"href":"https:\/\/ahvenfishing.ee\/et\/wp-json\/wp\/v2\/pages"}],"about":[{"href":"https:\/\/ahvenfishing.ee\/et\/wp-json\/wp\/v2\/types\/page"}],"author":[{"embeddable":true,"href":"https:\/\/ahvenfishing.ee\/et\/wp-json\/wp\/v2\/users\/2"}],"replies":[{"embeddable":true,"href":"https:\/\/ahvenfishing.ee\/et\/wp-json\/wp\/v2\/comments?post=1712"}],"version-history":[{"count":6,"href":"https:\/\/ahvenfishing.ee\/et\/wp-json\/wp\/v2\/pages\/1712\/revisions"}],"predecessor-version":[{"id":5331,"href":"https:\/\/ahvenfishing.ee\/et\/wp-json\/wp\/v2\/pages\/1712\/revisions\/5331"}],"wp:attachment":[{"href":"https:\/\/ahvenfishing.ee\/et\/wp-json\/wp\/v2\/media?parent=1712"}],"curies":[{"name":"wp","href":"https:\/\/api.w.org\/{rel}","templated":true}]}}