{"id":11445,"date":"2022-09-22T14:14:31","date_gmt":"2022-09-22T11:14:31","guid":{"rendered":"https:\/\/ahvenfishing.ee\/product\/%d1%88%d0%bd%d1%83%d1%80-pex8-150m-%d1%86%d0%b2%d0%b5%d1%82-%d0%be%d1%80%d0%b0%d0%bd%d0%b6%d0%b5%d0%b2%d1%8b%d0%b9\/"},"modified":"2022-09-22T14:14:59","modified_gmt":"2022-09-22T11:14:59","slug":"%d1%88%d0%bd%d1%83%d1%80-pex8-150m-%d1%86%d0%b2%d0%b5%d1%82-%d0%be%d1%80%d0%b0%d0%bd%d0%b6%d0%b5%d0%b2%d1%8b%d0%b9","status":"publish","type":"product","link":"https:\/\/ahvenfishing.ee\/et\/product\/%d1%88%d0%bd%d1%83%d1%80-pex8-150m-%d1%86%d0%b2%d0%b5%d1%82-%d0%be%d1%80%d0%b0%d0%bd%d0%b6%d0%b5%d0%b2%d1%8b%d0%b9\/","title":{"rendered":"N\u00f6\u00f6r PEX8 150M -oran\u017e v\u00e4rv"},"content":{"rendered":"","protected":false},"excerpt":{"rendered":"","protected":false},"featured_media":11444,"template":"","meta":[],"product_cat":[69],"product_tag":[],"class_list":["post-11445","product","type-product","status-publish","has-post-thumbnail","hentry","product_cat-shnur"],"_links":{"self":[{"href":"https:\/\/ahvenfishing.ee\/et\/wp-json\/wp\/v2\/product\/11445","targetHints":{"allow":["GET"]}}],"collection":[{"href":"https:\/\/ahvenfishing.ee\/et\/wp-json\/wp\/v2\/product"}],"about":[{"href":"https:\/\/ahvenfishing.ee\/et\/wp-json\/wp\/v2\/types\/product"}],"wp:featuredmedia":[{"embeddable":true,"href":"https:\/\/ahvenfishing.ee\/et\/wp-json\/wp\/v2\/media\/11444"}],"wp:attachment":[{"href":"https:\/\/ahvenfishing.ee\/et\/wp-json\/wp\/v2\/media?parent=11445"}],"wp:term":[{"taxonomy":"product_cat","embeddable":true,"href":"https:\/\/ahvenfishing.ee\/et\/wp-json\/wp\/v2\/product_cat?post=11445"},{"taxonomy":"product_tag","embeddable":true,"href":"https:\/\/ahvenfishing.ee\/et\/wp-json\/wp\/v2\/product_tag?post=11445"}],"curies":[{"name":"wp","href":"https:\/\/api.w.org\/{rel}","templated":true}]}}