{"id":5569,"date":"2021-05-05T13:15:29","date_gmt":"2021-05-05T10:15:29","guid":{"rendered":"https:\/\/ahven.preview.ee\/product\/%d0%bf%d1%80%d0%b8%d0%ba%d0%be%d1%80%d0%bc%d0%ba%d0%b0-traper-giant-series-%d1%80%d0%b5%d0%ba%d0%b0-%d0%bb%d0%b5%d1%89-2-5-kg\/"},"modified":"2021-05-05T13:16:07","modified_gmt":"2021-05-05T10:16:07","slug":"%d0%bf%d1%80%d0%b8%d0%ba%d0%be%d1%80%d0%bc%d0%ba%d0%b0-traper-giant-series-%d1%80%d0%b5%d0%ba%d0%b0-%d0%bb%d0%b5%d1%89-2-5-kg","status":"publish","type":"product","link":"https:\/\/ahvenfishing.ee\/et\/product\/%d0%bf%d1%80%d0%b8%d0%ba%d0%be%d1%80%d0%bc%d0%ba%d0%b0-traper-giant-series-%d1%80%d0%b5%d0%ba%d0%b0-%d0%bb%d0%b5%d1%89-2-5-kg\/","title":{"rendered":"Peibutuss\u00f6\u00f6t Traper Giant Series j\u00f5gi (Latikas)  &#8211; 2.5 kg"},"content":{"rendered":"","protected":false},"excerpt":{"rendered":"","protected":false},"featured_media":5558,"template":"","meta":[],"product_cat":[140],"product_tag":[],"class_list":["post-5569","product","type-product","status-publish","has-post-thumbnail","hentry","product_cat-soodad-2"],"_links":{"self":[{"href":"https:\/\/ahvenfishing.ee\/et\/wp-json\/wp\/v2\/product\/5569","targetHints":{"allow":["GET"]}}],"collection":[{"href":"https:\/\/ahvenfishing.ee\/et\/wp-json\/wp\/v2\/product"}],"about":[{"href":"https:\/\/ahvenfishing.ee\/et\/wp-json\/wp\/v2\/types\/product"}],"wp:featuredmedia":[{"embeddable":true,"href":"https:\/\/ahvenfishing.ee\/et\/wp-json\/wp\/v2\/media\/5558"}],"wp:attachment":[{"href":"https:\/\/ahvenfishing.ee\/et\/wp-json\/wp\/v2\/media?parent=5569"}],"wp:term":[{"taxonomy":"product_cat","embeddable":true,"href":"https:\/\/ahvenfishing.ee\/et\/wp-json\/wp\/v2\/product_cat?post=5569"},{"taxonomy":"product_tag","embeddable":true,"href":"https:\/\/ahvenfishing.ee\/et\/wp-json\/wp\/v2\/product_tag?post=5569"}],"curies":[{"name":"wp","href":"https:\/\/api.w.org\/{rel}","templated":true}]}}