{"id":7817,"date":"2021-05-28T13:36:05","date_gmt":"2021-05-28T10:36:05","guid":{"rendered":"https:\/\/ahvenfishing.ee\/product\/%d1%81%d0%b0%d0%b4%d0%be%d0%ba-mistrall-%d0%b4%d0%bb%d0%b8%d0%bd%d0%b0-250-%d1%81%d0%bc-%d0%b4%d0%b8%d0%b0%d0%bc%d0%b5%d1%82%d1%80-40-%d1%81%d0%bc\/"},"modified":"2021-05-28T13:36:39","modified_gmt":"2021-05-28T10:36:39","slug":"%d1%81%d0%b0%d0%b4%d0%be%d0%ba-mistrall-%d0%b4%d0%bb%d0%b8%d0%bd%d0%b0-250-%d1%81%d0%bc-%d0%b4%d0%b8%d0%b0%d0%bc%d0%b5%d1%82%d1%80-40-%d1%81%d0%bc","status":"publish","type":"product","link":"https:\/\/ahvenfishing.ee\/et\/product\/%d1%81%d0%b0%d0%b4%d0%be%d0%ba-mistrall-%d0%b4%d0%bb%d0%b8%d0%bd%d0%b0-250-%d1%81%d0%bc-%d0%b4%d0%b8%d0%b0%d0%bc%d0%b5%d1%82%d1%80-40-%d1%81%d0%bc\/","title":{"rendered":"Sump  Mistrall (Pikkus 250 cm, l\u00e4bim\u00f5\u00f5t 40 cm)"},"content":{"rendered":"","protected":false},"excerpt":{"rendered":"","protected":false},"featured_media":7816,"template":"","meta":[],"product_cat":[151],"product_tag":[],"class_list":["post-7817","product","type-product","status-publish","has-post-thumbnail","hentry","product_cat-kahvad-sumbad"],"_links":{"self":[{"href":"https:\/\/ahvenfishing.ee\/et\/wp-json\/wp\/v2\/product\/7817","targetHints":{"allow":["GET"]}}],"collection":[{"href":"https:\/\/ahvenfishing.ee\/et\/wp-json\/wp\/v2\/product"}],"about":[{"href":"https:\/\/ahvenfishing.ee\/et\/wp-json\/wp\/v2\/types\/product"}],"wp:featuredmedia":[{"embeddable":true,"href":"https:\/\/ahvenfishing.ee\/et\/wp-json\/wp\/v2\/media\/7816"}],"wp:attachment":[{"href":"https:\/\/ahvenfishing.ee\/et\/wp-json\/wp\/v2\/media?parent=7817"}],"wp:term":[{"taxonomy":"product_cat","embeddable":true,"href":"https:\/\/ahvenfishing.ee\/et\/wp-json\/wp\/v2\/product_cat?post=7817"},{"taxonomy":"product_tag","embeddable":true,"href":"https:\/\/ahvenfishing.ee\/et\/wp-json\/wp\/v2\/product_tag?post=7817"}],"curies":[{"name":"wp","href":"https:\/\/api.w.org\/{rel}","templated":true}]}}